{"id":8422,"date":"2021-11-02T21:18:57","date_gmt":"2021-11-02T20:18:57","guid":{"rendered":"https:\/\/sensuu.pl\/?post_type=product&#038;p=8422"},"modified":"2022-01-03T21:43:22","modified_gmt":"2022-01-03T20:43:22","slug":"komplet-simone-perele-idy-czarny","status":"publish","type":"product","link":"https:\/\/sensuu.pl\/index.php\/produkt\/komplet-simone-perele-idy-czarny\/","title":{"rendered":"Komplet Simone P\u00e9r\u00e8le IDY czarny 75E"},"content":{"rendered":"<p>Komplet Simone P\u00e9r\u00e8le IDY czarny<br \/>\nRozmiar: 75E<br \/>\nRozmiar majtek: 4 42<br \/>\nBiustonosz: 13E340<br \/>\nMajtki: 13E630<\/p>\n<p><strong>Simone P\u00e9r\u00e8le<\/strong> to francuska marka ekskluzywnej bielizny, stworzonej z materia\u0142\u00f3w najwy\u017cszej jako\u015bci. Dba\u0142o\u015b\u0107 o szczeg\u00f3\u0142y i jako\u015b w ka\u017cdym detalu to jej znak rozpoznawczy. To marka, kt\u00f3r\u0105 wyr\u00f3\u017cnia zmys\u0142owo\u015b\u0107 i kobieco\u015b\u0107.<\/p>\n","protected":false},"excerpt":{"rendered":"<p>Komplet Simone P\u00e9r\u00e8le IDY czarny<br \/>\nRozmiar: 75E<br \/>\nRozmiar majtek: 4 42<br \/>\nBiustonosz: 13E340<br \/>\nMajtki: 13E630<\/p>\n","protected":false},"featured_media":8396,"template":"","meta":[],"product_brand":[],"product_cat":[89,94,97,93,91],"product_tag":[142,192,206,136,179,180,216],"class_list":{"0":"post-8422","1":"product","2":"type-product","3":"status-publish","4":"has-post-thumbnail","6":"product_cat-bra","7":"product_cat-figi","8":"product_cat-komplety","9":"product_cat-pants","10":"product_cat-usztywniane","11":"product_tag-bielizna-koronkowa","12":"product_tag-czarny-komplet","13":"product_tag-elegancka-bielizna","14":"product_tag-francuska-bielizna","15":"product_tag-seksowna-bielizna","16":"product_tag-seksowny-komplet","17":"product_tag-stylowy-komplet","19":"first","20":"instock","21":"sale","22":"shipping-taxable","23":"purchasable","24":"product-type-simple"},"_links":{"self":[{"href":"https:\/\/sensuu.pl\/index.php\/wp-json\/wp\/v2\/product\/8422","targetHints":{"allow":["GET"]}}],"collection":[{"href":"https:\/\/sensuu.pl\/index.php\/wp-json\/wp\/v2\/product"}],"about":[{"href":"https:\/\/sensuu.pl\/index.php\/wp-json\/wp\/v2\/types\/product"}],"version-history":[{"count":6,"href":"https:\/\/sensuu.pl\/index.php\/wp-json\/wp\/v2\/product\/8422\/revisions"}],"predecessor-version":[{"id":8622,"href":"https:\/\/sensuu.pl\/index.php\/wp-json\/wp\/v2\/product\/8422\/revisions\/8622"}],"wp:featuredmedia":[{"embeddable":true,"href":"https:\/\/sensuu.pl\/index.php\/wp-json\/wp\/v2\/media\/8396"}],"wp:attachment":[{"href":"https:\/\/sensuu.pl\/index.php\/wp-json\/wp\/v2\/media?parent=8422"}],"wp:term":[{"taxonomy":"product_brand","embeddable":true,"href":"https:\/\/sensuu.pl\/index.php\/wp-json\/wp\/v2\/product_brand?post=8422"},{"taxonomy":"product_cat","embeddable":true,"href":"https:\/\/sensuu.pl\/index.php\/wp-json\/wp\/v2\/product_cat?post=8422"},{"taxonomy":"product_tag","embeddable":true,"href":"https:\/\/sensuu.pl\/index.php\/wp-json\/wp\/v2\/product_tag?post=8422"}],"curies":[{"name":"wp","href":"https:\/\/api.w.org\/{rel}","templated":true}]}}