{"id":8420,"date":"2021-11-02T21:16:28","date_gmt":"2021-11-02T20:16:28","guid":{"rendered":"https:\/\/sensuu.pl\/?post_type=product&#038;p=8420"},"modified":"2022-01-03T21:44:05","modified_gmt":"2022-01-03T20:44:05","slug":"biustonosz-simone-perele-ins-bialy","status":"publish","type":"product","link":"https:\/\/sensuu.pl\/index.php\/produkt\/biustonosz-simone-perele-ins-bialy\/","title":{"rendered":"Biustonosz Simone P\u00e9r\u00e8le INS Bia\u0142y 75F"},"content":{"rendered":"<p>Biustonosz Simone P\u00e9r\u00e8le INS Bia\u0142y<br \/>\nRozmiar: 75F<br \/>\n13H330<\/p>\n<p><strong>Simone P\u00e9r\u00e8le<\/strong> to francuska marka ekskluzywnej bielizny, stworzonej z materia\u0142\u00f3w najwy\u017cszej jako\u015bci. Dba\u0142o\u015b\u0107 o szczeg\u00f3\u0142y i jako\u015b w ka\u017cdym detalu to jej znak rozpoznawczy. To marka, kt\u00f3r\u0105 wyr\u00f3\u017cnia zmys\u0142owo\u015b\u0107 i kobieco\u015b\u0107.<\/p>\n","protected":false},"excerpt":{"rendered":"<p>Biustonosz Simone P\u00e9r\u00e8le INS Bia\u0142y<br \/>\nRozmiar: 75F<br \/>\n13H330<\/p>\n","protected":false},"featured_media":8399,"template":"","meta":[],"product_brand":[],"product_cat":[89,90,152],"product_tag":[146,213,162,204,189,203],"class_list":{"0":"post-8420","1":"product","2":"type-product","3":"status-publish","4":"has-post-thumbnail","6":"product_cat-bra","7":"product_cat-koronkowe","8":"product_cat-nieusztywnianie","9":"product_tag-biustonosz-koronkowy","10":"product_tag-cielisty-biustonosz","11":"product_tag-haftowany-biustonosz","12":"product_tag-komfortowy-biustonosz","13":"product_tag-seksowny-biustonosz","14":"product_tag-wygodny-biustonosz","16":"first","17":"instock","18":"shipping-taxable","19":"purchasable","20":"product-type-simple"},"_links":{"self":[{"href":"https:\/\/sensuu.pl\/index.php\/wp-json\/wp\/v2\/product\/8420","targetHints":{"allow":["GET"]}}],"collection":[{"href":"https:\/\/sensuu.pl\/index.php\/wp-json\/wp\/v2\/product"}],"about":[{"href":"https:\/\/sensuu.pl\/index.php\/wp-json\/wp\/v2\/types\/product"}],"version-history":[{"count":4,"href":"https:\/\/sensuu.pl\/index.php\/wp-json\/wp\/v2\/product\/8420\/revisions"}],"predecessor-version":[{"id":8623,"href":"https:\/\/sensuu.pl\/index.php\/wp-json\/wp\/v2\/product\/8420\/revisions\/8623"}],"wp:featuredmedia":[{"embeddable":true,"href":"https:\/\/sensuu.pl\/index.php\/wp-json\/wp\/v2\/media\/8399"}],"wp:attachment":[{"href":"https:\/\/sensuu.pl\/index.php\/wp-json\/wp\/v2\/media?parent=8420"}],"wp:term":[{"taxonomy":"product_brand","embeddable":true,"href":"https:\/\/sensuu.pl\/index.php\/wp-json\/wp\/v2\/product_brand?post=8420"},{"taxonomy":"product_cat","embeddable":true,"href":"https:\/\/sensuu.pl\/index.php\/wp-json\/wp\/v2\/product_cat?post=8420"},{"taxonomy":"product_tag","embeddable":true,"href":"https:\/\/sensuu.pl\/index.php\/wp-json\/wp\/v2\/product_tag?post=8420"}],"curies":[{"name":"wp","href":"https:\/\/api.w.org\/{rel}","templated":true}]}}