{"id":8416,"date":"2021-11-02T21:12:08","date_gmt":"2021-11-02T20:12:08","guid":{"rendered":"https:\/\/sensuu.pl\/?post_type=product&#038;p=8416"},"modified":"2021-12-01T21:47:05","modified_gmt":"2021-12-01T20:47:05","slug":"majtki-simone-perele-figi-granatowe","status":"publish","type":"product","link":"https:\/\/sensuu.pl\/index.php\/produkt\/majtki-simone-perele-figi-granatowe\/","title":{"rendered":"Majtki Simone P\u00e9r\u00e8le figi granatowe"},"content":{"rendered":"<p>Majtki Simone P\u00e9r\u00e8le figi granatowe<br \/>\nRozmiar: 1 36<\/p>\n<p>Laserowo ci\u0119te<\/p>\n<p><strong>Simone P\u00e9r\u00e8le<\/strong> to francuska marka ekskluzywnej bielizny, stworzonej z materia\u0142\u00f3w najwy\u017cszej jako\u015bci. Dba\u0142o\u015b\u0107 o szczeg\u00f3\u0142y i jako\u015b w ka\u017cdym detalu to jej znak rozpoznawczy. To marka, kt\u00f3r\u0105 wyr\u00f3\u017cnia zmys\u0142owo\u015b\u0107 i kobieco\u015b\u0107.<\/p>\n","protected":false},"excerpt":{"rendered":"<p>Majtki Simone P\u00e9r\u00e8le figi granatowe<br \/>\nRozmiar: 1 36<\/p>\n","protected":false},"featured_media":8391,"template":"","meta":[],"product_brand":[],"product_cat":[94,93],"product_tag":[229,230,223],"class_list":{"0":"post-8416","1":"product","2":"type-product","3":"status-publish","4":"has-post-thumbnail","6":"product_cat-figi","7":"product_cat-pants","8":"product_tag-bielizna-na-co-dzien","9":"product_tag-komfortowa-bielizna","10":"product_tag-wygodna-bielizna","12":"first","13":"instock","14":"shipping-taxable","15":"purchasable","16":"product-type-simple"},"_links":{"self":[{"href":"https:\/\/sensuu.pl\/index.php\/wp-json\/wp\/v2\/product\/8416","targetHints":{"allow":["GET"]}}],"collection":[{"href":"https:\/\/sensuu.pl\/index.php\/wp-json\/wp\/v2\/product"}],"about":[{"href":"https:\/\/sensuu.pl\/index.php\/wp-json\/wp\/v2\/types\/product"}],"version-history":[{"count":3,"href":"https:\/\/sensuu.pl\/index.php\/wp-json\/wp\/v2\/product\/8416\/revisions"}],"predecessor-version":[{"id":8583,"href":"https:\/\/sensuu.pl\/index.php\/wp-json\/wp\/v2\/product\/8416\/revisions\/8583"}],"wp:featuredmedia":[{"embeddable":true,"href":"https:\/\/sensuu.pl\/index.php\/wp-json\/wp\/v2\/media\/8391"}],"wp:attachment":[{"href":"https:\/\/sensuu.pl\/index.php\/wp-json\/wp\/v2\/media?parent=8416"}],"wp:term":[{"taxonomy":"product_brand","embeddable":true,"href":"https:\/\/sensuu.pl\/index.php\/wp-json\/wp\/v2\/product_brand?post=8416"},{"taxonomy":"product_cat","embeddable":true,"href":"https:\/\/sensuu.pl\/index.php\/wp-json\/wp\/v2\/product_cat?post=8416"},{"taxonomy":"product_tag","embeddable":true,"href":"https:\/\/sensuu.pl\/index.php\/wp-json\/wp\/v2\/product_tag?post=8416"}],"curies":[{"name":"wp","href":"https:\/\/api.w.org\/{rel}","templated":true}]}}