{"id":8410,"date":"2021-11-02T21:08:20","date_gmt":"2021-11-02T20:08:20","guid":{"rendered":"https:\/\/sensuu.pl\/?post_type=product&#038;p=8410"},"modified":"2022-01-03T21:45:31","modified_gmt":"2022-01-03T20:45:31","slug":"biustonosz-simone-perele-del-rozowy","status":"publish","type":"product","link":"https:\/\/sensuu.pl\/index.php\/produkt\/biustonosz-simone-perele-del-rozowy\/","title":{"rendered":"Biustonosz Simone P\u00e9r\u00e8le DEL r\u00f3\u017cowy 80D"},"content":{"rendered":"<p>Biustonosz Simone P\u00e9r\u00e8le DEL r\u00f3\u017cowy<br \/>\nRozmiar: 80D<br \/>\n12X343<\/p>\n<p><strong>Simone P\u00e9r\u00e8le<\/strong> to francuska marka ekskluzywnej bielizny, stworzonej z materia\u0142\u00f3w najwy\u017cszej jako\u015bci. Dba\u0142o\u015b\u0107 o szczeg\u00f3\u0142y i jako\u015b w ka\u017cdym detalu to jej znak rozpoznawczy. To marka, kt\u00f3r\u0105 wyr\u00f3\u017cnia zmys\u0142owo\u015b\u0107 i kobieco\u015b\u0107.<\/p>\n","protected":false},"excerpt":{"rendered":"<p>Biustonosz Simone P\u00e9r\u00e8le DEL r\u00f3\u017cowy<br \/>\nRozmiar: 80D<br \/>\n12X343<\/p>\n","protected":false},"featured_media":8379,"template":"","meta":[],"product_brand":[],"product_cat":[89,91],"product_tag":[214,204,155],"class_list":{"0":"post-8410","1":"product","2":"type-product","3":"status-publish","4":"has-post-thumbnail","6":"product_cat-bra","7":"product_cat-usztywniane","8":"product_tag-biustonosz-na-co-dzien","9":"product_tag-komfortowy-biustonosz","10":"product_tag-modny-biustonosz","12":"first","13":"instock","14":"shipping-taxable","15":"purchasable","16":"product-type-simple"},"_links":{"self":[{"href":"https:\/\/sensuu.pl\/index.php\/wp-json\/wp\/v2\/product\/8410","targetHints":{"allow":["GET"]}}],"collection":[{"href":"https:\/\/sensuu.pl\/index.php\/wp-json\/wp\/v2\/product"}],"about":[{"href":"https:\/\/sensuu.pl\/index.php\/wp-json\/wp\/v2\/types\/product"}],"version-history":[{"count":3,"href":"https:\/\/sensuu.pl\/index.php\/wp-json\/wp\/v2\/product\/8410\/revisions"}],"predecessor-version":[{"id":8625,"href":"https:\/\/sensuu.pl\/index.php\/wp-json\/wp\/v2\/product\/8410\/revisions\/8625"}],"wp:featuredmedia":[{"embeddable":true,"href":"https:\/\/sensuu.pl\/index.php\/wp-json\/wp\/v2\/media\/8379"}],"wp:attachment":[{"href":"https:\/\/sensuu.pl\/index.php\/wp-json\/wp\/v2\/media?parent=8410"}],"wp:term":[{"taxonomy":"product_brand","embeddable":true,"href":"https:\/\/sensuu.pl\/index.php\/wp-json\/wp\/v2\/product_brand?post=8410"},{"taxonomy":"product_cat","embeddable":true,"href":"https:\/\/sensuu.pl\/index.php\/wp-json\/wp\/v2\/product_cat?post=8410"},{"taxonomy":"product_tag","embeddable":true,"href":"https:\/\/sensuu.pl\/index.php\/wp-json\/wp\/v2\/product_tag?post=8410"}],"curies":[{"name":"wp","href":"https:\/\/api.w.org\/{rel}","templated":true}]}}