{"id":8371,"date":"2021-11-02T20:41:32","date_gmt":"2021-11-02T19:41:32","guid":{"rendered":"https:\/\/sensuu.pl\/?post_type=product&#038;p=8371"},"modified":"2022-01-03T22:00:51","modified_gmt":"2022-01-03T21:00:51","slug":"biustonosz-vanity-fair-14190-orange","status":"publish","type":"product","link":"https:\/\/sensuu.pl\/index.php\/produkt\/biustonosz-vanity-fair-14190-orange\/","title":{"rendered":"Biustonosz Vanity Fair 14190 Orange 80D"},"content":{"rendered":"<p>Biustonosz Vanity Fair<br \/>\nKolor: 120-Orange granatowo-pomara\u0144czowy<br \/>\nRozmiar: 80D<br \/>\n14190<\/p>\n<p><strong>Vanity Fair<\/strong> ameryka\u0144ska marka bielizny damskiej, charakteryzuje si\u0119 szerokim wachlarzem wzor\u00f3w oraz rozmiar\u00f3w. Oferuje biustonosze codzienne, specjalne, komfortowe i sportowe w neutralnych oraz modnych kolorach. To marka, kt\u00f3r\u0105 wyr\u00f3\u017cnia r\u00f3\u017cnorodno\u015b\u0107 i komfort.<\/p>\n","protected":false},"excerpt":{"rendered":"<p>Biustonosz Vanity Fair<br \/>\nKolor: 120-Orange granatowo-pomara\u0144czowy<br \/>\nRozmiar: 80D<br \/>\n14190<\/p>\n","protected":false},"featured_media":8337,"template":"","meta":[],"product_brand":[],"product_cat":[89,152],"product_tag":[214,209,162,155,218],"class_list":{"0":"post-8371","1":"product","2":"type-product","3":"status-publish","4":"has-post-thumbnail","6":"product_cat-bra","7":"product_cat-nieusztywnianie","8":"product_tag-biustonosz-na-co-dzien","9":"product_tag-ekstrawagancki-biustonosz","10":"product_tag-haftowany-biustonosz","11":"product_tag-modny-biustonosz","12":"product_tag-ozdobny-biustonosz","14":"first","15":"instock","16":"shipping-taxable","17":"purchasable","18":"product-type-simple"},"_links":{"self":[{"href":"https:\/\/sensuu.pl\/index.php\/wp-json\/wp\/v2\/product\/8371","targetHints":{"allow":["GET"]}}],"collection":[{"href":"https:\/\/sensuu.pl\/index.php\/wp-json\/wp\/v2\/product"}],"about":[{"href":"https:\/\/sensuu.pl\/index.php\/wp-json\/wp\/v2\/types\/product"}],"version-history":[{"count":3,"href":"https:\/\/sensuu.pl\/index.php\/wp-json\/wp\/v2\/product\/8371\/revisions"}],"predecessor-version":[{"id":8630,"href":"https:\/\/sensuu.pl\/index.php\/wp-json\/wp\/v2\/product\/8371\/revisions\/8630"}],"wp:featuredmedia":[{"embeddable":true,"href":"https:\/\/sensuu.pl\/index.php\/wp-json\/wp\/v2\/media\/8337"}],"wp:attachment":[{"href":"https:\/\/sensuu.pl\/index.php\/wp-json\/wp\/v2\/media?parent=8371"}],"wp:term":[{"taxonomy":"product_brand","embeddable":true,"href":"https:\/\/sensuu.pl\/index.php\/wp-json\/wp\/v2\/product_brand?post=8371"},{"taxonomy":"product_cat","embeddable":true,"href":"https:\/\/sensuu.pl\/index.php\/wp-json\/wp\/v2\/product_cat?post=8371"},{"taxonomy":"product_tag","embeddable":true,"href":"https:\/\/sensuu.pl\/index.php\/wp-json\/wp\/v2\/product_tag?post=8371"}],"curies":[{"name":"wp","href":"https:\/\/api.w.org\/{rel}","templated":true}]}}