{"id":8369,"date":"2021-11-02T20:39:13","date_gmt":"2021-11-02T19:39:13","guid":{"rendered":"https:\/\/sensuu.pl\/?post_type=product&#038;p=8369"},"modified":"2022-01-03T22:20:09","modified_gmt":"2022-01-03T21:20:09","slug":"biustonosz-vanity-fair-14139-noir","status":"publish","type":"product","link":"https:\/\/sensuu.pl\/index.php\/produkt\/biustonosz-vanity-fair-14139-noir\/","title":{"rendered":"Biustonosz Vanity Fair 14139 Noir 80E"},"content":{"rendered":"<p>Biustonosz Vanity Fair<br \/>\nKolor: 030-Noir Czarny<br \/>\nRozmiar: 80E<br \/>\n14139<\/p>\n<p><strong>Vanity Fair<\/strong> ameryka\u0144ska marka bielizny damskiej, charakteryzuje si\u0119 szerokim wachlarzem wzor\u00f3w oraz rozmiar\u00f3w. Oferuje biustonosze codzienne, specjalne, komfortowe i sportowe w neutralnych oraz modnych kolorach. To marka, kt\u00f3r\u0105 wyr\u00f3\u017cnia r\u00f3\u017cnorodno\u015b\u0107 i komfort.<\/p>\n","protected":false},"excerpt":{"rendered":"<p>Biustonosz Vanity Fair<br \/>\nKolor: 030-Noir Czarny<br \/>\nRozmiar: 80E<br \/>\n14139<\/p>\n","protected":false},"featured_media":8632,"template":"","meta":[],"product_brand":[],"product_cat":[89,90,152],"product_tag":[146,188,205,242,189],"class_list":{"0":"post-8369","1":"product","2":"type-product","3":"status-publish","4":"has-post-thumbnail","6":"product_cat-bra","7":"product_cat-koronkowe","8":"product_cat-nieusztywnianie","9":"product_tag-biustonosz-koronkowy","10":"product_tag-biustonosz-na-randke","11":"product_tag-elegancki-biustonosz","12":"product_tag-luksusowy-biustonosz","13":"product_tag-seksowny-biustonosz","15":"first","16":"instock","17":"shipping-taxable","18":"purchasable","19":"product-type-simple"},"_links":{"self":[{"href":"https:\/\/sensuu.pl\/index.php\/wp-json\/wp\/v2\/product\/8369","targetHints":{"allow":["GET"]}}],"collection":[{"href":"https:\/\/sensuu.pl\/index.php\/wp-json\/wp\/v2\/product"}],"about":[{"href":"https:\/\/sensuu.pl\/index.php\/wp-json\/wp\/v2\/types\/product"}],"version-history":[{"count":4,"href":"https:\/\/sensuu.pl\/index.php\/wp-json\/wp\/v2\/product\/8369\/revisions"}],"predecessor-version":[{"id":8633,"href":"https:\/\/sensuu.pl\/index.php\/wp-json\/wp\/v2\/product\/8369\/revisions\/8633"}],"wp:featuredmedia":[{"embeddable":true,"href":"https:\/\/sensuu.pl\/index.php\/wp-json\/wp\/v2\/media\/8632"}],"wp:attachment":[{"href":"https:\/\/sensuu.pl\/index.php\/wp-json\/wp\/v2\/media?parent=8369"}],"wp:term":[{"taxonomy":"product_brand","embeddable":true,"href":"https:\/\/sensuu.pl\/index.php\/wp-json\/wp\/v2\/product_brand?post=8369"},{"taxonomy":"product_cat","embeddable":true,"href":"https:\/\/sensuu.pl\/index.php\/wp-json\/wp\/v2\/product_cat?post=8369"},{"taxonomy":"product_tag","embeddable":true,"href":"https:\/\/sensuu.pl\/index.php\/wp-json\/wp\/v2\/product_tag?post=8369"}],"curies":[{"name":"wp","href":"https:\/\/api.w.org\/{rel}","templated":true}]}}