{"id":8367,"date":"2021-11-02T20:37:14","date_gmt":"2021-11-02T19:37:14","guid":{"rendered":"https:\/\/sensuu.pl\/?post_type=product&#038;p=8367"},"modified":"2022-01-13T20:24:06","modified_gmt":"2022-01-13T19:24:06","slug":"biustonosz-vanity-fair-14139-marine","status":"publish","type":"product","link":"https:\/\/sensuu.pl\/index.php\/produkt\/biustonosz-vanity-fair-14139-marine\/","title":{"rendered":"Biustonosz Vanity Fair 14139 Marine"},"content":{"rendered":"<p>Biustonosz Vanity Fair<br \/>\nKolor: 021-Marine Granatowy<br \/>\nRozmiar: 75D<br \/>\n14139<\/p>\n<p><strong>Vanity Fair<\/strong> ameryka\u0144ska marka bielizny damskiej, charakteryzuje si\u0119 szerokim wachlarzem wzor\u00f3w oraz rozmiar\u00f3w. Oferuje biustonosze codzienne, specjalne, komfortowe i sportowe w neutralnych oraz modnych kolorach. To marka, kt\u00f3r\u0105 wyr\u00f3\u017cnia r\u00f3\u017cnorodno\u015b\u0107 i komfort.<\/p>\n","protected":false},"excerpt":{"rendered":"<p>Biustonosz Vanity Fair 14139<br \/>\nKolor: 021-Marine Granatowy<br \/>\nRozmiar: 75D<br \/>\n14139<\/p>\n","protected":false},"featured_media":8331,"template":"","meta":[],"product_brand":[],"product_cat":[89,90,152],"product_tag":[146,205,204],"class_list":{"0":"post-8367","1":"product","2":"type-product","3":"status-publish","4":"has-post-thumbnail","6":"product_cat-bra","7":"product_cat-koronkowe","8":"product_cat-nieusztywnianie","9":"product_tag-biustonosz-koronkowy","10":"product_tag-elegancki-biustonosz","11":"product_tag-komfortowy-biustonosz","13":"first","14":"instock","15":"shipping-taxable","16":"purchasable","17":"product-type-simple"},"_links":{"self":[{"href":"https:\/\/sensuu.pl\/index.php\/wp-json\/wp\/v2\/product\/8367","targetHints":{"allow":["GET"]}}],"collection":[{"href":"https:\/\/sensuu.pl\/index.php\/wp-json\/wp\/v2\/product"}],"about":[{"href":"https:\/\/sensuu.pl\/index.php\/wp-json\/wp\/v2\/types\/product"}],"version-history":[{"count":2,"href":"https:\/\/sensuu.pl\/index.php\/wp-json\/wp\/v2\/product\/8367\/revisions"}],"predecessor-version":[{"id":8439,"href":"https:\/\/sensuu.pl\/index.php\/wp-json\/wp\/v2\/product\/8367\/revisions\/8439"}],"wp:featuredmedia":[{"embeddable":true,"href":"https:\/\/sensuu.pl\/index.php\/wp-json\/wp\/v2\/media\/8331"}],"wp:attachment":[{"href":"https:\/\/sensuu.pl\/index.php\/wp-json\/wp\/v2\/media?parent=8367"}],"wp:term":[{"taxonomy":"product_brand","embeddable":true,"href":"https:\/\/sensuu.pl\/index.php\/wp-json\/wp\/v2\/product_brand?post=8367"},{"taxonomy":"product_cat","embeddable":true,"href":"https:\/\/sensuu.pl\/index.php\/wp-json\/wp\/v2\/product_cat?post=8367"},{"taxonomy":"product_tag","embeddable":true,"href":"https:\/\/sensuu.pl\/index.php\/wp-json\/wp\/v2\/product_tag?post=8367"}],"curies":[{"name":"wp","href":"https:\/\/api.w.org\/{rel}","templated":true}]}}