{"id":8364,"date":"2021-11-02T20:32:17","date_gmt":"2021-11-02T19:32:17","guid":{"rendered":"https:\/\/sensuu.pl\/?post_type=product&#038;p=8364"},"modified":"2021-12-01T22:14:30","modified_gmt":"2021-12-01T21:14:30","slug":"biustonosz-vanity-fair-12206-marine-w-kwiatowe-wzory","status":"publish","type":"product","link":"https:\/\/sensuu.pl\/index.php\/produkt\/biustonosz-vanity-fair-12206-marine-w-kwiatowe-wzory\/","title":{"rendered":"Biustonosz Vanity Fair 12206 Marine w kwiatowe wzory"},"content":{"rendered":"<p>Biustonosz Vanity Fair 12206 Marine w kwiatowe wzory<br \/>\nKolor: 021-Marine Granatowy<br \/>\nRozmiar: 80D<br \/>\n12206<\/p>\n<p><strong>Vanity Fair<\/strong> ameryka\u0144ska marka bielizny damskiej, charakteryzuje si\u0119 szerokim wachlarzem wzor\u00f3w oraz rozmiar\u00f3w. Oferuje biustonosze codzienne, specjalne, komfortowe i sportowe w neutralnych oraz modnych kolorach. To marka, kt\u00f3r\u0105 wyr\u00f3\u017cnia r\u00f3\u017cnorodno\u015b\u0107 i komfort.<\/p>\n","protected":false},"excerpt":{"rendered":"<p>Biustonosz Vanity Fair 12206 Marine w kwiatowe wzory<br \/>\nKolor: 021-Marine Granatowy<br \/>\nRozmiar: 80D<br \/>\n12206<\/p>\n","protected":false},"featured_media":8320,"template":"","meta":[],"product_brand":[],"product_cat":[89,152],"product_tag":[214,209,205,243,242],"class_list":{"0":"post-8364","1":"product","2":"type-product","3":"status-publish","4":"has-post-thumbnail","6":"product_cat-bra","7":"product_cat-nieusztywnianie","8":"product_tag-biustonosz-na-co-dzien","9":"product_tag-ekstrawagancki-biustonosz","10":"product_tag-elegancki-biustonosz","11":"product_tag-jedwabny-biustonosz","12":"product_tag-luksusowy-biustonosz","14":"first","15":"instock","16":"shipping-taxable","17":"purchasable","18":"product-type-simple"},"_links":{"self":[{"href":"https:\/\/sensuu.pl\/index.php\/wp-json\/wp\/v2\/product\/8364","targetHints":{"allow":["GET"]}}],"collection":[{"href":"https:\/\/sensuu.pl\/index.php\/wp-json\/wp\/v2\/product"}],"about":[{"href":"https:\/\/sensuu.pl\/index.php\/wp-json\/wp\/v2\/types\/product"}],"version-history":[{"count":4,"href":"https:\/\/sensuu.pl\/index.php\/wp-json\/wp\/v2\/product\/8364\/revisions"}],"predecessor-version":[{"id":8586,"href":"https:\/\/sensuu.pl\/index.php\/wp-json\/wp\/v2\/product\/8364\/revisions\/8586"}],"wp:featuredmedia":[{"embeddable":true,"href":"https:\/\/sensuu.pl\/index.php\/wp-json\/wp\/v2\/media\/8320"}],"wp:attachment":[{"href":"https:\/\/sensuu.pl\/index.php\/wp-json\/wp\/v2\/media?parent=8364"}],"wp:term":[{"taxonomy":"product_brand","embeddable":true,"href":"https:\/\/sensuu.pl\/index.php\/wp-json\/wp\/v2\/product_brand?post=8364"},{"taxonomy":"product_cat","embeddable":true,"href":"https:\/\/sensuu.pl\/index.php\/wp-json\/wp\/v2\/product_cat?post=8364"},{"taxonomy":"product_tag","embeddable":true,"href":"https:\/\/sensuu.pl\/index.php\/wp-json\/wp\/v2\/product_tag?post=8364"}],"curies":[{"name":"wp","href":"https:\/\/api.w.org\/{rel}","templated":true}]}}