{"id":8362,"date":"2021-11-02T20:30:00","date_gmt":"2021-11-02T19:30:00","guid":{"rendered":"https:\/\/sensuu.pl\/?post_type=product&#038;p=8362"},"modified":"2021-12-01T22:16:26","modified_gmt":"2021-12-01T21:16:26","slug":"biustonosz-vanity-fair-18139-rose","status":"publish","type":"product","link":"https:\/\/sensuu.pl\/index.php\/produkt\/biustonosz-vanity-fair-18139-rose\/","title":{"rendered":"Biustonosz Vanity Fair 18139 Rose"},"content":{"rendered":"<p>Biustonosz Vanity Fair<br \/>\nKolor: 070-Rose<br \/>\nRozmiar: 80C<br \/>\n18139<\/p>\n<p><strong>Vanity Fair<\/strong> ameryka\u0144ska marka bielizny damskiej, charakteryzuje si\u0119 szerokim wachlarzem wzor\u00f3w oraz rozmiar\u00f3w. Oferuje biustonosze codzienne, specjalne, komfortowe i sportowe w neutralnych oraz modnych kolorach. To marka, kt\u00f3r\u0105 wyr\u00f3\u017cnia r\u00f3\u017cnorodno\u015b\u0107 i komfort.<\/p>\n","protected":false},"excerpt":{"rendered":"<p>Biustonosz Vanity Fair<br \/>\nKolor: 070-Rose<br \/>\nRozmiar: 80C<br \/>\n18139<\/p>\n","protected":false},"featured_media":8308,"template":"","meta":[],"product_brand":[],"product_cat":[89,90,152],"product_tag":[146,214,188,220,218,189],"class_list":{"0":"post-8362","1":"product","2":"type-product","3":"status-publish","4":"has-post-thumbnail","6":"product_cat-bra","7":"product_cat-koronkowe","8":"product_cat-nieusztywnianie","9":"product_tag-biustonosz-koronkowy","10":"product_tag-biustonosz-na-co-dzien","11":"product_tag-biustonosz-na-randke","12":"product_tag-komfortowy-biusztonosz","13":"product_tag-ozdobny-biustonosz","14":"product_tag-seksowny-biustonosz","16":"first","17":"instock","18":"shipping-taxable","19":"purchasable","20":"product-type-simple"},"_links":{"self":[{"href":"https:\/\/sensuu.pl\/index.php\/wp-json\/wp\/v2\/product\/8362","targetHints":{"allow":["GET"]}}],"collection":[{"href":"https:\/\/sensuu.pl\/index.php\/wp-json\/wp\/v2\/product"}],"about":[{"href":"https:\/\/sensuu.pl\/index.php\/wp-json\/wp\/v2\/types\/product"}],"version-history":[{"count":3,"href":"https:\/\/sensuu.pl\/index.php\/wp-json\/wp\/v2\/product\/8362\/revisions"}],"predecessor-version":[{"id":8587,"href":"https:\/\/sensuu.pl\/index.php\/wp-json\/wp\/v2\/product\/8362\/revisions\/8587"}],"wp:featuredmedia":[{"embeddable":true,"href":"https:\/\/sensuu.pl\/index.php\/wp-json\/wp\/v2\/media\/8308"}],"wp:attachment":[{"href":"https:\/\/sensuu.pl\/index.php\/wp-json\/wp\/v2\/media?parent=8362"}],"wp:term":[{"taxonomy":"product_brand","embeddable":true,"href":"https:\/\/sensuu.pl\/index.php\/wp-json\/wp\/v2\/product_brand?post=8362"},{"taxonomy":"product_cat","embeddable":true,"href":"https:\/\/sensuu.pl\/index.php\/wp-json\/wp\/v2\/product_cat?post=8362"},{"taxonomy":"product_tag","embeddable":true,"href":"https:\/\/sensuu.pl\/index.php\/wp-json\/wp\/v2\/product_tag?post=8362"}],"curies":[{"name":"wp","href":"https:\/\/api.w.org\/{rel}","templated":true}]}}