{"id":8301,"date":"2021-11-02T19:57:10","date_gmt":"2021-11-02T18:57:10","guid":{"rendered":"https:\/\/sensuu.pl\/?post_type=product&#038;p=8301"},"modified":"2021-12-01T22:19:29","modified_gmt":"2021-12-01T21:19:29","slug":"komplet-simone-perele-car-czerwony","status":"publish","type":"product","link":"https:\/\/sensuu.pl\/index.php\/produkt\/komplet-simone-perele-car-czerwony\/","title":{"rendered":"Komplet Simone P\u00e9r\u00e8le CAR czerwony"},"content":{"rendered":"<p>Komplet Simone P\u00e9r\u00e8le CAR czerwony<br \/>\nRozmiar: 85D<br \/>\nRozmiar majtek: 5 44<br \/>\nBiustonosz: 12A320<br \/>\nMajtki: 12A630<\/p>\n<p><strong>Simone P\u00e9r\u00e8le<\/strong> to francuska marka ekskluzywnej bielizny, stworzonej z materia\u0142\u00f3w najwy\u017cszej jako\u015bci. Dba\u0142o\u015b\u0107 o szczeg\u00f3\u0142y i jako\u015b w ka\u017cdym detalu to jej znak rozpoznawczy. To marka, kt\u00f3r\u0105 wyr\u00f3\u017cnia zmys\u0142owo\u015b\u0107 i kobieco\u015b\u0107.<\/p>\n","protected":false},"excerpt":{"rendered":"<p>Komplet Simone P\u00e9r\u00e8le CAR czerwony<br \/>\nRozmiar: 85D<br \/>\nRozmiar majtek: 5 44<br \/>\nBiustonosz: 12A320<br \/>\nMajtki: 12A630<\/p>\n","protected":false},"featured_media":8303,"template":"","meta":[],"product_brand":[],"product_cat":[89,94,97,90,93,152,96],"product_tag":[236,221,222,180,203],"class_list":{"0":"post-8301","1":"product","2":"type-product","3":"status-publish","4":"has-post-thumbnail","6":"product_cat-bra","7":"product_cat-figi","8":"product_cat-komplety","9":"product_cat-koronkowe","10":"product_cat-pants","11":"product_cat-nieusztywnianie","12":"product_cat-szorty","13":"product_tag-biustonosz-z-koronka","14":"product_tag-czerwony-komplet","15":"product_tag-komplet-ze-stringami","16":"product_tag-seksowny-komplet","17":"product_tag-wygodny-biustonosz","19":"first","20":"instock","21":"sale","22":"shipping-taxable","23":"purchasable","24":"product-type-simple"},"_links":{"self":[{"href":"https:\/\/sensuu.pl\/index.php\/wp-json\/wp\/v2\/product\/8301","targetHints":{"allow":["GET"]}}],"collection":[{"href":"https:\/\/sensuu.pl\/index.php\/wp-json\/wp\/v2\/product"}],"about":[{"href":"https:\/\/sensuu.pl\/index.php\/wp-json\/wp\/v2\/types\/product"}],"version-history":[{"count":2,"href":"https:\/\/sensuu.pl\/index.php\/wp-json\/wp\/v2\/product\/8301\/revisions"}],"predecessor-version":[{"id":8428,"href":"https:\/\/sensuu.pl\/index.php\/wp-json\/wp\/v2\/product\/8301\/revisions\/8428"}],"wp:featuredmedia":[{"embeddable":true,"href":"https:\/\/sensuu.pl\/index.php\/wp-json\/wp\/v2\/media\/8303"}],"wp:attachment":[{"href":"https:\/\/sensuu.pl\/index.php\/wp-json\/wp\/v2\/media?parent=8301"}],"wp:term":[{"taxonomy":"product_brand","embeddable":true,"href":"https:\/\/sensuu.pl\/index.php\/wp-json\/wp\/v2\/product_brand?post=8301"},{"taxonomy":"product_cat","embeddable":true,"href":"https:\/\/sensuu.pl\/index.php\/wp-json\/wp\/v2\/product_cat?post=8301"},{"taxonomy":"product_tag","embeddable":true,"href":"https:\/\/sensuu.pl\/index.php\/wp-json\/wp\/v2\/product_tag?post=8301"}],"curies":[{"name":"wp","href":"https:\/\/api.w.org\/{rel}","templated":true}]}}