{"id":8287,"date":"2021-10-19T21:47:30","date_gmt":"2021-10-19T19:47:30","guid":{"rendered":"https:\/\/sensuu.pl\/?post_type=product&#038;p=8287"},"modified":"2021-12-01T22:21:33","modified_gmt":"2021-12-01T21:21:33","slug":"komplet-passionata-p47820-czarny","status":"publish","type":"product","link":"https:\/\/sensuu.pl\/index.php\/produkt\/komplet-passionata-p47820-czarny\/","title":{"rendered":"Komplet Passionata P47820 czarny"},"content":{"rendered":"<p>Komplet Passionata P47820 czarny<br \/>\nRozmiar: 80C<br \/>\nRozmiar majtek: 40<\/p>\n<p><strong>Passionata by Chantelle<\/strong> to luksusowa francuska marka bielizny damskiej. Adresowana do m\u0142odszej grupy klientek, kt\u00f3re przy wyborze bielizny zwracaj\u0105 uwag\u0119 przede wszystkim na aktualne trendy. To marka, kt\u00f3r\u0105 wyr\u00f3\u017cnia nowoczesno\u015b\u0107, r\u00f3\u017cnorodno\u015b\u0107 i styl.<\/p>\n","protected":false},"excerpt":{"rendered":"<p>Komplet Passionata P47820 czarny<br \/>\nRozmiar: 80C<br \/>\nRozmiar majtek: 40<\/p>\n","protected":false},"featured_media":8288,"template":"","meta":[],"product_brand":[],"product_cat":[89,94,97,152],"product_tag":[192,210,189,180,217,216],"class_list":{"0":"post-8287","1":"product","2":"type-product","3":"status-publish","4":"has-post-thumbnail","6":"product_cat-bra","7":"product_cat-figi","8":"product_cat-komplety","9":"product_cat-nieusztywnianie","10":"product_tag-czarny-komplet","11":"product_tag-elegancki-komplet","12":"product_tag-seksowny-biustonosz","13":"product_tag-seksowny-komplet","14":"product_tag-stylowa-bielizna","15":"product_tag-stylowy-komplet","17":"first","18":"instock","19":"sale","20":"shipping-taxable","21":"purchasable","22":"product-type-simple"},"_links":{"self":[{"href":"https:\/\/sensuu.pl\/index.php\/wp-json\/wp\/v2\/product\/8287","targetHints":{"allow":["GET"]}}],"collection":[{"href":"https:\/\/sensuu.pl\/index.php\/wp-json\/wp\/v2\/product"}],"about":[{"href":"https:\/\/sensuu.pl\/index.php\/wp-json\/wp\/v2\/types\/product"}],"version-history":[{"count":2,"href":"https:\/\/sensuu.pl\/index.php\/wp-json\/wp\/v2\/product\/8287\/revisions"}],"predecessor-version":[{"id":8446,"href":"https:\/\/sensuu.pl\/index.php\/wp-json\/wp\/v2\/product\/8287\/revisions\/8446"}],"wp:featuredmedia":[{"embeddable":true,"href":"https:\/\/sensuu.pl\/index.php\/wp-json\/wp\/v2\/media\/8288"}],"wp:attachment":[{"href":"https:\/\/sensuu.pl\/index.php\/wp-json\/wp\/v2\/media?parent=8287"}],"wp:term":[{"taxonomy":"product_brand","embeddable":true,"href":"https:\/\/sensuu.pl\/index.php\/wp-json\/wp\/v2\/product_brand?post=8287"},{"taxonomy":"product_cat","embeddable":true,"href":"https:\/\/sensuu.pl\/index.php\/wp-json\/wp\/v2\/product_cat?post=8287"},{"taxonomy":"product_tag","embeddable":true,"href":"https:\/\/sensuu.pl\/index.php\/wp-json\/wp\/v2\/product_tag?post=8287"}],"curies":[{"name":"wp","href":"https:\/\/api.w.org\/{rel}","templated":true}]}}