{"id":8285,"date":"2021-10-19T21:43:31","date_gmt":"2021-10-19T19:43:31","guid":{"rendered":"https:\/\/sensuu.pl\/?post_type=product&#038;p=8285"},"modified":"2021-12-01T22:23:11","modified_gmt":"2021-12-01T21:23:11","slug":"komplet-simone-perele-man-bialy","status":"publish","type":"product","link":"https:\/\/sensuu.pl\/index.php\/produkt\/komplet-simone-perele-man-bialy\/","title":{"rendered":"Komplet Simone P\u00e9r\u00e8le MAN bia\u0142y"},"content":{"rendered":"<p>Komplet Simone P\u00e9r\u00e8le MAN bia\u0142y<br \/>\nRozmiar: 70G<br \/>\nRozmiar majtek: 2 36<br \/>\nBiustonosz: 13G313<br \/>\nMajtki: 13G630<\/p>\n<p><strong>Simone P\u00e9r\u00e8le<\/strong> to francuska marka ekskluzywnej bielizny, stworzonej z materia\u0142\u00f3w najwy\u017cszej jako\u015bci. Dba\u0142o\u015b\u0107 o szczeg\u00f3\u0142y i jako\u015b w ka\u017cdym detalu to jej znak rozpoznawczy. To marka, kt\u00f3r\u0105 wyr\u00f3\u017cnia zmys\u0142owo\u015b\u0107 i kobieco\u015b\u0107.<\/p>\n","protected":false},"excerpt":{"rendered":"<p>Komplet Simone P\u00e9r\u00e8le MAN bia\u0142y<br \/>\nRozmiar: 70G<br \/>\nRozmiar majtek: 2 36<br \/>\nBiustonosz: 13G313<br \/>\nMajtki: 13G630<\/p>\n","protected":false},"featured_media":8179,"template":"","meta":[],"product_brand":[],"product_cat":[89,94,97,93,152],"product_tag":[210,230,169,244],"class_list":{"0":"post-8285","1":"product","2":"type-product","3":"status-publish","4":"has-post-thumbnail","6":"product_cat-bra","7":"product_cat-figi","8":"product_cat-komplety","9":"product_cat-pants","10":"product_cat-nieusztywnianie","11":"product_tag-elegancki-komplet","12":"product_tag-komfortowa-bielizna","13":"product_tag-komplet-bielizny","14":"product_tag-romantyczny-komplet","16":"first","17":"instock","18":"sale","19":"shipping-taxable","20":"purchasable","21":"product-type-simple"},"_links":{"self":[{"href":"https:\/\/sensuu.pl\/index.php\/wp-json\/wp\/v2\/product\/8285","targetHints":{"allow":["GET"]}}],"collection":[{"href":"https:\/\/sensuu.pl\/index.php\/wp-json\/wp\/v2\/product"}],"about":[{"href":"https:\/\/sensuu.pl\/index.php\/wp-json\/wp\/v2\/types\/product"}],"version-history":[{"count":2,"href":"https:\/\/sensuu.pl\/index.php\/wp-json\/wp\/v2\/product\/8285\/revisions"}],"predecessor-version":[{"id":8442,"href":"https:\/\/sensuu.pl\/index.php\/wp-json\/wp\/v2\/product\/8285\/revisions\/8442"}],"wp:featuredmedia":[{"embeddable":true,"href":"https:\/\/sensuu.pl\/index.php\/wp-json\/wp\/v2\/media\/8179"}],"wp:attachment":[{"href":"https:\/\/sensuu.pl\/index.php\/wp-json\/wp\/v2\/media?parent=8285"}],"wp:term":[{"taxonomy":"product_brand","embeddable":true,"href":"https:\/\/sensuu.pl\/index.php\/wp-json\/wp\/v2\/product_brand?post=8285"},{"taxonomy":"product_cat","embeddable":true,"href":"https:\/\/sensuu.pl\/index.php\/wp-json\/wp\/v2\/product_cat?post=8285"},{"taxonomy":"product_tag","embeddable":true,"href":"https:\/\/sensuu.pl\/index.php\/wp-json\/wp\/v2\/product_tag?post=8285"}],"curies":[{"name":"wp","href":"https:\/\/api.w.org\/{rel}","templated":true}]}}