{"id":8283,"date":"2021-10-19T21:41:11","date_gmt":"2021-10-19T19:41:11","guid":{"rendered":"https:\/\/sensuu.pl\/?post_type=product&#038;p=8283"},"modified":"2021-12-01T22:24:52","modified_gmt":"2021-12-01T21:24:52","slug":"komplet-simone-perele-car-granatowy","status":"publish","type":"product","link":"https:\/\/sensuu.pl\/index.php\/produkt\/komplet-simone-perele-car-granatowy\/","title":{"rendered":"Komplet Simone P\u00e9r\u00e8le CAR granatowy"},"content":{"rendered":"<p>Komplet Simone P\u00e9r\u00e8le CAR granatowy<br \/>\nRozmiar: 85B<br \/>\nRozmiar majtek: 3 38<br \/>\nBiustonosz: 12A320<br \/>\nMajtki: 12A770<\/p>\n<p><strong>Simone P\u00e9r\u00e8le<\/strong> to francuska marka ekskluzywnej bielizny, stworzonej z materia\u0142\u00f3w najwy\u017cszej jako\u015bci. Dba\u0142o\u015b\u0107 o szczeg\u00f3\u0142y i jako\u015b w ka\u017cdym detalu to jej znak rozpoznawczy. To marka, kt\u00f3r\u0105 wyr\u00f3\u017cnia zmys\u0142owo\u015b\u0107 i kobieco\u015b\u0107.<\/p>\n","protected":false},"excerpt":{"rendered":"<p>Komplet Simone P\u00e9r\u00e8le CAR granatowy<br \/>\nRozmiar: 85B<br \/>\nRozmiar majtek: 3 38<br \/>\nBiustonosz: 12A320<br \/>\nMajtki: 12A770<\/p>\n","protected":false},"featured_media":8174,"template":"","meta":[],"product_brand":[],"product_cat":[89,94,97,90,93,152],"product_tag":[236,230,204,216],"class_list":{"0":"post-8283","1":"product","2":"type-product","3":"status-publish","4":"has-post-thumbnail","6":"product_cat-bra","7":"product_cat-figi","8":"product_cat-komplety","9":"product_cat-koronkowe","10":"product_cat-pants","11":"product_cat-nieusztywnianie","12":"product_tag-biustonosz-z-koronka","13":"product_tag-komfortowa-bielizna","14":"product_tag-komfortowy-biustonosz","15":"product_tag-stylowy-komplet","17":"first","18":"instock","19":"sale","20":"shipping-taxable","21":"purchasable","22":"product-type-simple"},"_links":{"self":[{"href":"https:\/\/sensuu.pl\/index.php\/wp-json\/wp\/v2\/product\/8283","targetHints":{"allow":["GET"]}}],"collection":[{"href":"https:\/\/sensuu.pl\/index.php\/wp-json\/wp\/v2\/product"}],"about":[{"href":"https:\/\/sensuu.pl\/index.php\/wp-json\/wp\/v2\/types\/product"}],"version-history":[{"count":2,"href":"https:\/\/sensuu.pl\/index.php\/wp-json\/wp\/v2\/product\/8283\/revisions"}],"predecessor-version":[{"id":8443,"href":"https:\/\/sensuu.pl\/index.php\/wp-json\/wp\/v2\/product\/8283\/revisions\/8443"}],"wp:featuredmedia":[{"embeddable":true,"href":"https:\/\/sensuu.pl\/index.php\/wp-json\/wp\/v2\/media\/8174"}],"wp:attachment":[{"href":"https:\/\/sensuu.pl\/index.php\/wp-json\/wp\/v2\/media?parent=8283"}],"wp:term":[{"taxonomy":"product_brand","embeddable":true,"href":"https:\/\/sensuu.pl\/index.php\/wp-json\/wp\/v2\/product_brand?post=8283"},{"taxonomy":"product_cat","embeddable":true,"href":"https:\/\/sensuu.pl\/index.php\/wp-json\/wp\/v2\/product_cat?post=8283"},{"taxonomy":"product_tag","embeddable":true,"href":"https:\/\/sensuu.pl\/index.php\/wp-json\/wp\/v2\/product_tag?post=8283"}],"curies":[{"name":"wp","href":"https:\/\/api.w.org\/{rel}","templated":true}]}}