{"id":8281,"date":"2021-10-19T21:39:26","date_gmt":"2021-10-19T19:39:26","guid":{"rendered":"https:\/\/sensuu.pl\/?post_type=product&#038;p=8281"},"modified":"2021-12-05T19:22:54","modified_gmt":"2021-12-05T18:22:54","slug":"majtki-simone-perele-car-czerwone","status":"publish","type":"product","link":"https:\/\/sensuu.pl\/index.php\/produkt\/majtki-simone-perele-car-czerwone\/","title":{"rendered":"Majtki Simone P\u00e9r\u00e8le CAR czerwone"},"content":{"rendered":"<p>Majtki Simone P\u00e9r\u00e8le CAR czerwone<br \/>\nRozmiar: 1, 36<br \/>\n12A710<\/p>\n<p><strong>Simone P\u00e9r\u00e8le<\/strong> to francuska marka ekskluzywnej bielizny, stworzonej z materia\u0142\u00f3w najwy\u017cszej jako\u015bci. Dba\u0142o\u015b\u0107 o szczeg\u00f3\u0142y i jako\u015b w ka\u017cdym detalu to jej znak rozpoznawczy. To marka, kt\u00f3r\u0105 wyr\u00f3\u017cnia zmys\u0142owo\u015b\u0107 i kobieco\u015b\u0107.<\/p>\n","protected":false},"excerpt":{"rendered":"<p>Majtki Simone P\u00e9r\u00e8le CAR czerwone<br \/>\nRozmiar: 1, 36<br \/>\n12A710<\/p>\n","protected":false},"featured_media":8188,"template":"","meta":[],"product_brand":[],"product_cat":[93,95],"product_tag":[156,142,234,191,179],"class_list":{"0":"post-8281","1":"product","2":"type-product","3":"status-publish","4":"has-post-thumbnail","6":"product_cat-pants","7":"product_cat-stringi","8":"product_tag-bielizna-dla-siebie","9":"product_tag-bielizna-koronkowa","10":"product_tag-bielizna-z-koronka","11":"product_tag-czerwona-bielizna","12":"product_tag-seksowna-bielizna","14":"first","15":"instock","16":"shipping-taxable","17":"purchasable","18":"product-type-simple"},"_links":{"self":[{"href":"https:\/\/sensuu.pl\/index.php\/wp-json\/wp\/v2\/product\/8281","targetHints":{"allow":["GET"]}}],"collection":[{"href":"https:\/\/sensuu.pl\/index.php\/wp-json\/wp\/v2\/product"}],"about":[{"href":"https:\/\/sensuu.pl\/index.php\/wp-json\/wp\/v2\/types\/product"}],"version-history":[{"count":4,"href":"https:\/\/sensuu.pl\/index.php\/wp-json\/wp\/v2\/product\/8281\/revisions"}],"predecessor-version":[{"id":8590,"href":"https:\/\/sensuu.pl\/index.php\/wp-json\/wp\/v2\/product\/8281\/revisions\/8590"}],"wp:featuredmedia":[{"embeddable":true,"href":"https:\/\/sensuu.pl\/index.php\/wp-json\/wp\/v2\/media\/8188"}],"wp:attachment":[{"href":"https:\/\/sensuu.pl\/index.php\/wp-json\/wp\/v2\/media?parent=8281"}],"wp:term":[{"taxonomy":"product_brand","embeddable":true,"href":"https:\/\/sensuu.pl\/index.php\/wp-json\/wp\/v2\/product_brand?post=8281"},{"taxonomy":"product_cat","embeddable":true,"href":"https:\/\/sensuu.pl\/index.php\/wp-json\/wp\/v2\/product_cat?post=8281"},{"taxonomy":"product_tag","embeddable":true,"href":"https:\/\/sensuu.pl\/index.php\/wp-json\/wp\/v2\/product_tag?post=8281"}],"curies":[{"name":"wp","href":"https:\/\/api.w.org\/{rel}","templated":true}]}}