{"id":8259,"date":"2021-10-19T21:21:55","date_gmt":"2021-10-19T19:21:55","guid":{"rendered":"https:\/\/sensuu.pl\/?post_type=product&#038;p=8259"},"modified":"2021-12-05T19:38:27","modified_gmt":"2021-12-05T18:38:27","slug":"majtki-passionata-blekit","status":"publish","type":"product","link":"https:\/\/sensuu.pl\/index.php\/produkt\/majtki-passionata-blekit\/","title":{"rendered":"Majtki Passionata b\u0142\u0119kit"},"content":{"rendered":"<p>Majtki Passionata b\u0142\u0119kit<br \/>\nRozmiar: S 34<\/p>\n<p><strong>Passionata by Chantelle<\/strong> to luksusowa francuska marka bielizny damskiej. Adresowana do m\u0142odszej grupy klientek, kt\u00f3re przy wyborze bielizny zwracaj\u0105 uwag\u0119 przede wszystkim na aktualne trendy. To marka, kt\u00f3r\u0105 wyr\u00f3\u017cnia nowoczesno\u015b\u0107, r\u00f3\u017cnorodno\u015b\u0107 i styl.<\/p>\n","protected":false},"excerpt":{"rendered":"<p>Majtki Passionata b\u0142\u0119kit<br \/>\nRozmiar: S 34<\/p>\n","protected":false},"featured_media":8261,"template":"","meta":[],"product_brand":[],"product_cat":[93,95],"product_tag":[229,230,241],"class_list":{"0":"post-8259","1":"product","2":"type-product","3":"status-publish","4":"has-post-thumbnail","6":"product_cat-pants","7":"product_cat-stringi","8":"product_tag-bielizna-na-co-dzien","9":"product_tag-komfortowa-bielizna","10":"product_tag-stringi","12":"first","13":"instock","14":"shipping-taxable","15":"purchasable","16":"product-type-simple"},"_links":{"self":[{"href":"https:\/\/sensuu.pl\/index.php\/wp-json\/wp\/v2\/product\/8259","targetHints":{"allow":["GET"]}}],"collection":[{"href":"https:\/\/sensuu.pl\/index.php\/wp-json\/wp\/v2\/product"}],"about":[{"href":"https:\/\/sensuu.pl\/index.php\/wp-json\/wp\/v2\/types\/product"}],"version-history":[{"count":3,"href":"https:\/\/sensuu.pl\/index.php\/wp-json\/wp\/v2\/product\/8259\/revisions"}],"predecessor-version":[{"id":8595,"href":"https:\/\/sensuu.pl\/index.php\/wp-json\/wp\/v2\/product\/8259\/revisions\/8595"}],"wp:featuredmedia":[{"embeddable":true,"href":"https:\/\/sensuu.pl\/index.php\/wp-json\/wp\/v2\/media\/8261"}],"wp:attachment":[{"href":"https:\/\/sensuu.pl\/index.php\/wp-json\/wp\/v2\/media?parent=8259"}],"wp:term":[{"taxonomy":"product_brand","embeddable":true,"href":"https:\/\/sensuu.pl\/index.php\/wp-json\/wp\/v2\/product_brand?post=8259"},{"taxonomy":"product_cat","embeddable":true,"href":"https:\/\/sensuu.pl\/index.php\/wp-json\/wp\/v2\/product_cat?post=8259"},{"taxonomy":"product_tag","embeddable":true,"href":"https:\/\/sensuu.pl\/index.php\/wp-json\/wp\/v2\/product_tag?post=8259"}],"curies":[{"name":"wp","href":"https:\/\/api.w.org\/{rel}","templated":true}]}}