{"id":8247,"date":"2021-10-19T21:15:47","date_gmt":"2021-10-19T19:15:47","guid":{"rendered":"https:\/\/sensuu.pl\/?post_type=product&#038;p=8247"},"modified":"2021-12-05T19:41:15","modified_gmt":"2021-12-05T18:41:15","slug":"majtki-passionata-7425-6e-rozowe","status":"publish","type":"product","link":"https:\/\/sensuu.pl\/index.php\/produkt\/majtki-passionata-7425-6e-rozowe\/","title":{"rendered":"Majtki Passionata 7425-6E r\u00f3\u017cowe"},"content":{"rendered":"<p>Majtki Passionata 7425-6E r\u00f3\u017cowe<br \/>\nRozmiar: M 38<\/p>\n<p><strong>Passionata by Chantelle<\/strong> to luksusowa francuska marka bielizny damskiej. Adresowana do m\u0142odszej grupy klientek, kt\u00f3re przy wyborze bielizny zwracaj\u0105 uwag\u0119 przede wszystkim na aktualne trendy. To marka, kt\u00f3r\u0105 wyr\u00f3\u017cnia nowoczesno\u015b\u0107, r\u00f3\u017cnorodno\u015b\u0107 i styl.<\/p>\n","protected":false},"excerpt":{"rendered":"<p>Majtki Passionata 7425-6E r\u00f3\u017cowe<br \/>\nRozmiar: M 38<\/p>\n","protected":false},"featured_media":8252,"template":"","meta":[],"product_brand":[],"product_cat":[94,93],"product_tag":[156,229],"class_list":{"0":"post-8247","1":"product","2":"type-product","3":"status-publish","4":"has-post-thumbnail","6":"product_cat-figi","7":"product_cat-pants","8":"product_tag-bielizna-dla-siebie","9":"product_tag-bielizna-na-co-dzien","11":"first","12":"instock","13":"shipping-taxable","14":"purchasable","15":"product-type-simple"},"_links":{"self":[{"href":"https:\/\/sensuu.pl\/index.php\/wp-json\/wp\/v2\/product\/8247","targetHints":{"allow":["GET"]}}],"collection":[{"href":"https:\/\/sensuu.pl\/index.php\/wp-json\/wp\/v2\/product"}],"about":[{"href":"https:\/\/sensuu.pl\/index.php\/wp-json\/wp\/v2\/types\/product"}],"version-history":[{"count":2,"href":"https:\/\/sensuu.pl\/index.php\/wp-json\/wp\/v2\/product\/8247\/revisions"}],"predecessor-version":[{"id":8450,"href":"https:\/\/sensuu.pl\/index.php\/wp-json\/wp\/v2\/product\/8247\/revisions\/8450"}],"wp:featuredmedia":[{"embeddable":true,"href":"https:\/\/sensuu.pl\/index.php\/wp-json\/wp\/v2\/media\/8252"}],"wp:attachment":[{"href":"https:\/\/sensuu.pl\/index.php\/wp-json\/wp\/v2\/media?parent=8247"}],"wp:term":[{"taxonomy":"product_brand","embeddable":true,"href":"https:\/\/sensuu.pl\/index.php\/wp-json\/wp\/v2\/product_brand?post=8247"},{"taxonomy":"product_cat","embeddable":true,"href":"https:\/\/sensuu.pl\/index.php\/wp-json\/wp\/v2\/product_cat?post=8247"},{"taxonomy":"product_tag","embeddable":true,"href":"https:\/\/sensuu.pl\/index.php\/wp-json\/wp\/v2\/product_tag?post=8247"}],"curies":[{"name":"wp","href":"https:\/\/api.w.org\/{rel}","templated":true}]}}