{"id":8244,"date":"2021-10-19T21:13:32","date_gmt":"2021-10-19T19:13:32","guid":{"rendered":"https:\/\/sensuu.pl\/?post_type=product&#038;p=8244"},"modified":"2022-01-13T20:37:27","modified_gmt":"2022-01-13T19:37:27","slug":"komplet-passionata-ecru","status":"publish","type":"product","link":"https:\/\/sensuu.pl\/index.php\/produkt\/komplet-passionata-ecru\/","title":{"rendered":"Komplet Passionata ecru 85D"},"content":{"rendered":"<p>Komplet Passionata ecru<br \/>\nRozmiar: XL 85D<br \/>\nRozmiar majtek: 44<\/p>\n<p><strong>Passionata by Chantelle<\/strong> to luksusowa francuska marka bielizny damskiej. Adresowana do m\u0142odszej grupy klientek, kt\u00f3re przy wyborze bielizny zwracaj\u0105 uwag\u0119 przede wszystkim na aktualne trendy. To marka, kt\u00f3r\u0105 wyr\u00f3\u017cnia nowoczesno\u015b\u0107, r\u00f3\u017cnorodno\u015b\u0107 i styl.<\/p>\n","protected":false},"excerpt":{"rendered":"<p>Komplet Passionata ecru<br \/>\nRozmiar: XL 85D<br \/>\nRozmiar majtek: 44<\/p>\n","protected":false},"featured_media":8246,"template":"","meta":[],"product_brand":[],"product_cat":[89,94,97,93,152],"product_tag":[170,229,230,244],"class_list":{"0":"post-8244","1":"product","2":"type-product","3":"status-publish","4":"has-post-thumbnail","6":"product_cat-bra","7":"product_cat-figi","8":"product_cat-komplety","9":"product_cat-pants","10":"product_cat-nieusztywnianie","11":"product_tag-bielizna-komplet","12":"product_tag-bielizna-na-co-dzien","13":"product_tag-komfortowa-bielizna","14":"product_tag-romantyczny-komplet","16":"first","17":"instock","18":"shipping-taxable","19":"purchasable","20":"product-type-simple"},"_links":{"self":[{"href":"https:\/\/sensuu.pl\/index.php\/wp-json\/wp\/v2\/product\/8244","targetHints":{"allow":["GET"]}}],"collection":[{"href":"https:\/\/sensuu.pl\/index.php\/wp-json\/wp\/v2\/product"}],"about":[{"href":"https:\/\/sensuu.pl\/index.php\/wp-json\/wp\/v2\/types\/product"}],"version-history":[{"count":3,"href":"https:\/\/sensuu.pl\/index.php\/wp-json\/wp\/v2\/product\/8244\/revisions"}],"predecessor-version":[{"id":8645,"href":"https:\/\/sensuu.pl\/index.php\/wp-json\/wp\/v2\/product\/8244\/revisions\/8645"}],"wp:featuredmedia":[{"embeddable":true,"href":"https:\/\/sensuu.pl\/index.php\/wp-json\/wp\/v2\/media\/8246"}],"wp:attachment":[{"href":"https:\/\/sensuu.pl\/index.php\/wp-json\/wp\/v2\/media?parent=8244"}],"wp:term":[{"taxonomy":"product_brand","embeddable":true,"href":"https:\/\/sensuu.pl\/index.php\/wp-json\/wp\/v2\/product_brand?post=8244"},{"taxonomy":"product_cat","embeddable":true,"href":"https:\/\/sensuu.pl\/index.php\/wp-json\/wp\/v2\/product_cat?post=8244"},{"taxonomy":"product_tag","embeddable":true,"href":"https:\/\/sensuu.pl\/index.php\/wp-json\/wp\/v2\/product_tag?post=8244"}],"curies":[{"name":"wp","href":"https:\/\/api.w.org\/{rel}","templated":true}]}}