{"id":8232,"date":"2021-10-19T21:08:41","date_gmt":"2021-10-19T19:08:41","guid":{"rendered":"https:\/\/sensuu.pl\/?post_type=product&#038;p=8232"},"modified":"2022-01-13T20:36:42","modified_gmt":"2022-01-13T19:36:42","slug":"biustonosz-passionata-7849nl-ecru","status":"publish","type":"product","link":"https:\/\/sensuu.pl\/index.php\/produkt\/biustonosz-passionata-7849nl-ecru\/","title":{"rendered":"Biustonosz Passionata 7849NL ecru 85E"},"content":{"rendered":"<p>Biustonosz Passionata 7849NL ecru<br \/>\nRozmiar: 85E<\/p>\n<p><strong>Passionata by Chantelle<\/strong> to luksusowa francuska marka bielizny damskiej. Adresowana do m\u0142odszej grupy klientek, kt\u00f3re przy wyborze bielizny zwracaj\u0105 uwag\u0119 przede wszystkim na aktualne trendy. To marka, kt\u00f3r\u0105 wyr\u00f3\u017cnia nowoczesno\u015b\u0107, r\u00f3\u017cnorodno\u015b\u0107 i styl.<\/p>\n","protected":false},"excerpt":{"rendered":"<p>Biustonosz Passionata 7849NL ecru<br \/>\nRozmiar: 85E<\/p>\n","protected":false},"featured_media":8237,"template":"","meta":[],"product_brand":[],"product_cat":[89,91],"product_tag":[214,207,213,231],"class_list":{"0":"post-8232","1":"product","2":"type-product","3":"status-publish","4":"has-post-thumbnail","6":"product_cat-bra","7":"product_cat-usztywniane","8":"product_tag-biustonosz-na-co-dzien","9":"product_tag-biustonosz-siateczka","10":"product_tag-cielisty-biustonosz","11":"product_tag-ivory-biustonosz","13":"first","14":"instock","15":"shipping-taxable","16":"purchasable","17":"product-type-simple"},"_links":{"self":[{"href":"https:\/\/sensuu.pl\/index.php\/wp-json\/wp\/v2\/product\/8232","targetHints":{"allow":["GET"]}}],"collection":[{"href":"https:\/\/sensuu.pl\/index.php\/wp-json\/wp\/v2\/product"}],"about":[{"href":"https:\/\/sensuu.pl\/index.php\/wp-json\/wp\/v2\/types\/product"}],"version-history":[{"count":3,"href":"https:\/\/sensuu.pl\/index.php\/wp-json\/wp\/v2\/product\/8232\/revisions"}],"predecessor-version":[{"id":8644,"href":"https:\/\/sensuu.pl\/index.php\/wp-json\/wp\/v2\/product\/8232\/revisions\/8644"}],"wp:featuredmedia":[{"embeddable":true,"href":"https:\/\/sensuu.pl\/index.php\/wp-json\/wp\/v2\/media\/8237"}],"wp:attachment":[{"href":"https:\/\/sensuu.pl\/index.php\/wp-json\/wp\/v2\/media?parent=8232"}],"wp:term":[{"taxonomy":"product_brand","embeddable":true,"href":"https:\/\/sensuu.pl\/index.php\/wp-json\/wp\/v2\/product_brand?post=8232"},{"taxonomy":"product_cat","embeddable":true,"href":"https:\/\/sensuu.pl\/index.php\/wp-json\/wp\/v2\/product_cat?post=8232"},{"taxonomy":"product_tag","embeddable":true,"href":"https:\/\/sensuu.pl\/index.php\/wp-json\/wp\/v2\/product_tag?post=8232"}],"curies":[{"name":"wp","href":"https:\/\/api.w.org\/{rel}","templated":true}]}}