{"id":8226,"date":"2021-10-19T21:01:21","date_gmt":"2021-10-19T19:01:21","guid":{"rendered":"https:\/\/sensuu.pl\/?post_type=product&#038;p=8226"},"modified":"2021-11-02T20:15:24","modified_gmt":"2021-11-02T19:15:24","slug":"biustonosz-implicite-dec-czarny","status":"publish","type":"product","link":"https:\/\/sensuu.pl\/index.php\/produkt\/biustonosz-implicite-dec-czarny\/","title":{"rendered":"Biustonosz Implicite DEC czarny"},"content":{"rendered":"<p>Biustonosz Implicite DEC czarny<br \/>\nRozmiar: 75B<br \/>\n24D340<\/p>\n<p>&nbsp;<\/p>\n<p>Implicite by Simone P\u00e9r\u00e8le to francuska marka ekskluzywnej bielizny, stworzonej z materia\u0142\u00f3w najwy\u017cszej jako\u015bci, zgodnej z najnowszymi trendami w modzie bieli\u017anianej. To marka, kt\u00f3r\u0105 wyr\u00f3\u017cnia nowoczesno\u015b\u0107 i przepi\u0119kna estetyka.<\/p>\n","protected":false},"excerpt":{"rendered":"<p>Biustonosz Implicite DEC czarny<br \/>\nRozmiar: 75B<br \/>\n24D340<\/p>\n","protected":false},"featured_media":8098,"template":"","meta":[],"product_brand":[],"product_cat":[89,91],"product_tag":[],"class_list":{"0":"post-8226","1":"product","2":"type-product","3":"status-publish","4":"has-post-thumbnail","6":"product_cat-bra","7":"product_cat-usztywniane","9":"first","10":"instock","11":"shipping-taxable","12":"purchasable","13":"product-type-simple"},"_links":{"self":[{"href":"https:\/\/sensuu.pl\/index.php\/wp-json\/wp\/v2\/product\/8226","targetHints":{"allow":["GET"]}}],"collection":[{"href":"https:\/\/sensuu.pl\/index.php\/wp-json\/wp\/v2\/product"}],"about":[{"href":"https:\/\/sensuu.pl\/index.php\/wp-json\/wp\/v2\/types\/product"}],"version-history":[{"count":2,"href":"https:\/\/sensuu.pl\/index.php\/wp-json\/wp\/v2\/product\/8226\/revisions"}],"predecessor-version":[{"id":8352,"href":"https:\/\/sensuu.pl\/index.php\/wp-json\/wp\/v2\/product\/8226\/revisions\/8352"}],"wp:featuredmedia":[{"embeddable":true,"href":"https:\/\/sensuu.pl\/index.php\/wp-json\/wp\/v2\/media\/8098"}],"wp:attachment":[{"href":"https:\/\/sensuu.pl\/index.php\/wp-json\/wp\/v2\/media?parent=8226"}],"wp:term":[{"taxonomy":"product_brand","embeddable":true,"href":"https:\/\/sensuu.pl\/index.php\/wp-json\/wp\/v2\/product_brand?post=8226"},{"taxonomy":"product_cat","embeddable":true,"href":"https:\/\/sensuu.pl\/index.php\/wp-json\/wp\/v2\/product_cat?post=8226"},{"taxonomy":"product_tag","embeddable":true,"href":"https:\/\/sensuu.pl\/index.php\/wp-json\/wp\/v2\/product_tag?post=8226"}],"curies":[{"name":"wp","href":"https:\/\/api.w.org\/{rel}","templated":true}]}}