{"id":8225,"date":"2021-10-19T20:59:21","date_gmt":"2021-10-19T18:59:21","guid":{"rendered":"https:\/\/sensuu.pl\/?post_type=product&#038;p=8225"},"modified":"2022-01-16T17:06:42","modified_gmt":"2022-01-16T16:06:42","slug":"biustonosz-passionata-55350-rozowy","status":"publish","type":"product","link":"https:\/\/sensuu.pl\/index.php\/produkt\/biustonosz-passionata-55350-rozowy\/","title":{"rendered":"Biustonosz Passionata 55350 r\u00f3\u017cowy"},"content":{"rendered":"<p>Biustonosz Passionata 55350 r\u00f3\u017cowy<br \/>\nRozmiar: 70G<\/p>\n<p><strong>Passionata by Chantelle<\/strong> to luksusowa francuska marka bielizny damskiej. Adresowana do m\u0142odszej grupy klientek, kt\u00f3re przy wyborze bielizny zwracaj\u0105 uwag\u0119 przede wszystkim na aktualne trendy. To marka, kt\u00f3r\u0105 wyr\u00f3\u017cnia nowoczesno\u015b\u0107, r\u00f3\u017cnorodno\u015b\u0107 i styl.<\/p>\n","protected":false},"excerpt":{"rendered":"<p>Biustonosz Passionata 55350 r\u00f3\u017cowy<br \/>\nRozmiar: 70G<\/p>\n","protected":false},"featured_media":8231,"template":"","meta":[],"product_brand":[],"product_cat":[89,90,152],"product_tag":[146,207,204,203],"class_list":{"0":"post-8225","1":"product","2":"type-product","3":"status-publish","4":"has-post-thumbnail","6":"product_cat-bra","7":"product_cat-koronkowe","8":"product_cat-nieusztywnianie","9":"product_tag-biustonosz-koronkowy","10":"product_tag-biustonosz-siateczka","11":"product_tag-komfortowy-biustonosz","12":"product_tag-wygodny-biustonosz","14":"first","15":"instock","16":"shipping-taxable","17":"purchasable","18":"product-type-simple"},"_links":{"self":[{"href":"https:\/\/sensuu.pl\/index.php\/wp-json\/wp\/v2\/product\/8225","targetHints":{"allow":["GET"]}}],"collection":[{"href":"https:\/\/sensuu.pl\/index.php\/wp-json\/wp\/v2\/product"}],"about":[{"href":"https:\/\/sensuu.pl\/index.php\/wp-json\/wp\/v2\/types\/product"}],"version-history":[{"count":2,"href":"https:\/\/sensuu.pl\/index.php\/wp-json\/wp\/v2\/product\/8225\/revisions"}],"predecessor-version":[{"id":8453,"href":"https:\/\/sensuu.pl\/index.php\/wp-json\/wp\/v2\/product\/8225\/revisions\/8453"}],"wp:featuredmedia":[{"embeddable":true,"href":"https:\/\/sensuu.pl\/index.php\/wp-json\/wp\/v2\/media\/8231"}],"wp:attachment":[{"href":"https:\/\/sensuu.pl\/index.php\/wp-json\/wp\/v2\/media?parent=8225"}],"wp:term":[{"taxonomy":"product_brand","embeddable":true,"href":"https:\/\/sensuu.pl\/index.php\/wp-json\/wp\/v2\/product_brand?post=8225"},{"taxonomy":"product_cat","embeddable":true,"href":"https:\/\/sensuu.pl\/index.php\/wp-json\/wp\/v2\/product_cat?post=8225"},{"taxonomy":"product_tag","embeddable":true,"href":"https:\/\/sensuu.pl\/index.php\/wp-json\/wp\/v2\/product_tag?post=8225"}],"curies":[{"name":"wp","href":"https:\/\/api.w.org\/{rel}","templated":true}]}}