{"id":8088,"date":"2021-09-28T22:16:26","date_gmt":"2021-09-28T20:16:26","guid":{"rendered":"https:\/\/sensuu.pl\/?post_type=product&#038;p=8088"},"modified":"2021-12-05T20:30:23","modified_gmt":"2021-12-05T19:30:23","slug":"komplet-passionata-czerwony-braletka","status":"publish","type":"product","link":"https:\/\/sensuu.pl\/index.php\/produkt\/komplet-passionata-czerwony-braletka\/","title":{"rendered":"Komplet Passionata czerwony braletka"},"content":{"rendered":"<p>Komplet Passionata czerwony braletka<br \/>\nRozmiar: EUR 42 (80 C-D)<\/p>\n<p><strong>Passionata by Chantelle<\/strong> to luksusowa francuska marka bielizny damskiej. Adresowana do m\u0142odszej grupy klientek, kt\u00f3re przy wyborze bielizny zwracaj\u0105 uwag\u0119 przede wszystkim na aktualne trendy. To marka, kt\u00f3r\u0105 wyr\u00f3\u017cnia nowoczesno\u015b\u0107, r\u00f3\u017cnorodno\u015b\u0107 i styl.<\/p>\n","protected":false},"excerpt":{"rendered":"<p>Komplet Passionata czerwony braletka<br \/>\nRozmiar: EUR 42 (80 C-D)<\/p>\n","protected":false},"featured_media":8093,"template":"","meta":[],"product_brand":[],"product_cat":[89,199,94,97,93],"product_tag":[221,204,171],"class_list":{"0":"post-8088","1":"product","2":"type-product","3":"status-publish","4":"has-post-thumbnail","6":"product_cat-bra","7":"product_cat-braletka","8":"product_cat-figi","9":"product_cat-komplety","10":"product_cat-pants","11":"product_tag-czerwony-komplet","12":"product_tag-komfortowy-biustonosz","13":"product_tag-koronkowy-komplet","15":"first","16":"instock","17":"shipping-taxable","18":"purchasable","19":"product-type-simple"},"_links":{"self":[{"href":"https:\/\/sensuu.pl\/index.php\/wp-json\/wp\/v2\/product\/8088","targetHints":{"allow":["GET"]}}],"collection":[{"href":"https:\/\/sensuu.pl\/index.php\/wp-json\/wp\/v2\/product"}],"about":[{"href":"https:\/\/sensuu.pl\/index.php\/wp-json\/wp\/v2\/types\/product"}],"version-history":[{"count":4,"href":"https:\/\/sensuu.pl\/index.php\/wp-json\/wp\/v2\/product\/8088\/revisions"}],"predecessor-version":[{"id":8465,"href":"https:\/\/sensuu.pl\/index.php\/wp-json\/wp\/v2\/product\/8088\/revisions\/8465"}],"wp:featuredmedia":[{"embeddable":true,"href":"https:\/\/sensuu.pl\/index.php\/wp-json\/wp\/v2\/media\/8093"}],"wp:attachment":[{"href":"https:\/\/sensuu.pl\/index.php\/wp-json\/wp\/v2\/media?parent=8088"}],"wp:term":[{"taxonomy":"product_brand","embeddable":true,"href":"https:\/\/sensuu.pl\/index.php\/wp-json\/wp\/v2\/product_brand?post=8088"},{"taxonomy":"product_cat","embeddable":true,"href":"https:\/\/sensuu.pl\/index.php\/wp-json\/wp\/v2\/product_cat?post=8088"},{"taxonomy":"product_tag","embeddable":true,"href":"https:\/\/sensuu.pl\/index.php\/wp-json\/wp\/v2\/product_tag?post=8088"}],"curies":[{"name":"wp","href":"https:\/\/api.w.org\/{rel}","templated":true}]}}