{"id":8055,"date":"2021-09-28T21:52:33","date_gmt":"2021-09-28T19:52:33","guid":{"rendered":"https:\/\/sensuu.pl\/?post_type=product&#038;p=8055"},"modified":"2021-12-05T20:46:56","modified_gmt":"2021-12-05T19:46:56","slug":"biustonosz-passionata-p49590-0me-czerwony","status":"publish","type":"product","link":"https:\/\/sensuu.pl\/index.php\/produkt\/biustonosz-passionata-p49590-0me-czerwony\/","title":{"rendered":"Biustonosz Passionata P49590-0ME czerwony"},"content":{"rendered":"<p>Biustonosz Passionata P49590-0ME kolor czerwony<br \/>\nRozmiar: 75C<\/p>\n<p><strong>Passionata by Chantelle<\/strong> to luksusowa francuska marka bielizny damskiej. Adresowana do m\u0142odszej grupy klientek, kt\u00f3re przy wyborze bielizny zwracaj\u0105 uwag\u0119 przede wszystkim na aktualne trendy. To marka, kt\u00f3r\u0105 wyr\u00f3\u017cnia nowoczesno\u015b\u0107, r\u00f3\u017cnorodno\u015b\u0107 i styl.<\/p>\n","protected":false},"excerpt":{"rendered":"<p>Biustonosz Passionata P49590-0ME kolor czerwony<br \/>\nRozmiar: 75C<\/p>\n","protected":false},"featured_media":8056,"template":"","meta":[],"product_brand":[],"product_cat":[89,91],"product_tag":[188,236,205,189],"class_list":{"0":"post-8055","1":"product","2":"type-product","3":"status-publish","4":"has-post-thumbnail","6":"product_cat-bra","7":"product_cat-usztywniane","8":"product_tag-biustonosz-na-randke","9":"product_tag-biustonosz-z-koronka","10":"product_tag-elegancki-biustonosz","11":"product_tag-seksowny-biustonosz","13":"first","14":"instock","15":"shipping-taxable","16":"purchasable","17":"product-type-simple"},"_links":{"self":[{"href":"https:\/\/sensuu.pl\/index.php\/wp-json\/wp\/v2\/product\/8055","targetHints":{"allow":["GET"]}}],"collection":[{"href":"https:\/\/sensuu.pl\/index.php\/wp-json\/wp\/v2\/product"}],"about":[{"href":"https:\/\/sensuu.pl\/index.php\/wp-json\/wp\/v2\/types\/product"}],"version-history":[{"count":2,"href":"https:\/\/sensuu.pl\/index.php\/wp-json\/wp\/v2\/product\/8055\/revisions"}],"predecessor-version":[{"id":8467,"href":"https:\/\/sensuu.pl\/index.php\/wp-json\/wp\/v2\/product\/8055\/revisions\/8467"}],"wp:featuredmedia":[{"embeddable":true,"href":"https:\/\/sensuu.pl\/index.php\/wp-json\/wp\/v2\/media\/8056"}],"wp:attachment":[{"href":"https:\/\/sensuu.pl\/index.php\/wp-json\/wp\/v2\/media?parent=8055"}],"wp:term":[{"taxonomy":"product_brand","embeddable":true,"href":"https:\/\/sensuu.pl\/index.php\/wp-json\/wp\/v2\/product_brand?post=8055"},{"taxonomy":"product_cat","embeddable":true,"href":"https:\/\/sensuu.pl\/index.php\/wp-json\/wp\/v2\/product_cat?post=8055"},{"taxonomy":"product_tag","embeddable":true,"href":"https:\/\/sensuu.pl\/index.php\/wp-json\/wp\/v2\/product_tag?post=8055"}],"curies":[{"name":"wp","href":"https:\/\/api.w.org\/{rel}","templated":true}]}}