{"id":8037,"date":"2021-09-28T21:41:30","date_gmt":"2021-09-28T19:41:30","guid":{"rendered":"https:\/\/sensuu.pl\/?post_type=product&#038;p=8037"},"modified":"2021-12-05T20:55:32","modified_gmt":"2021-12-05T19:55:32","slug":"komplet-passionata-z-pasem-czarny","status":"publish","type":"product","link":"https:\/\/sensuu.pl\/index.php\/produkt\/komplet-passionata-z-pasem-czarny\/","title":{"rendered":"Komplet Passionata z pasem czarny"},"content":{"rendered":"<p>Komplet Passionata z pasem czarny<br \/>\nP45D40 P45D10<br \/>\nRozmiar: L\/85D<br \/>\nPas: M<br \/>\nRozmiar majtek: 38\/S<\/p>\n<p><strong>Passionata by Chantelle<\/strong> to luksusowa francuska marka bielizny damskiej. Adresowana do m\u0142odszej grupy klientek, kt\u00f3re przy wyborze bielizny zwracaj\u0105 uwag\u0119 przede wszystkim na aktualne trendy. To marka, kt\u00f3r\u0105 wyr\u00f3\u017cnia nowoczesno\u015b\u0107, r\u00f3\u017cnorodno\u015b\u0107 i styl.<\/p>\n","protected":false},"excerpt":{"rendered":"<p>Komplet Passionata z pasem czarny<br \/>\nP45D40 P45D10<br \/>\nRozmiar: L\/85D<br \/>\nPas: M<br \/>\nRozmiar majtek: 38\/S<\/p>\n","protected":false},"featured_media":8038,"template":"","meta":[],"product_brand":[],"product_cat":[89,94,97,152,96],"product_tag":[170,192,210,180],"class_list":{"0":"post-8037","1":"product","2":"type-product","3":"status-publish","4":"has-post-thumbnail","6":"product_cat-bra","7":"product_cat-figi","8":"product_cat-komplety","9":"product_cat-nieusztywnianie","10":"product_cat-szorty","11":"product_tag-bielizna-komplet","12":"product_tag-czarny-komplet","13":"product_tag-elegancki-komplet","14":"product_tag-seksowny-komplet","16":"first","17":"instock","18":"sale","19":"shipping-taxable","20":"purchasable","21":"product-type-simple"},"_links":{"self":[{"href":"https:\/\/sensuu.pl\/index.php\/wp-json\/wp\/v2\/product\/8037","targetHints":{"allow":["GET"]}}],"collection":[{"href":"https:\/\/sensuu.pl\/index.php\/wp-json\/wp\/v2\/product"}],"about":[{"href":"https:\/\/sensuu.pl\/index.php\/wp-json\/wp\/v2\/types\/product"}],"version-history":[{"count":3,"href":"https:\/\/sensuu.pl\/index.php\/wp-json\/wp\/v2\/product\/8037\/revisions"}],"predecessor-version":[{"id":8598,"href":"https:\/\/sensuu.pl\/index.php\/wp-json\/wp\/v2\/product\/8037\/revisions\/8598"}],"wp:featuredmedia":[{"embeddable":true,"href":"https:\/\/sensuu.pl\/index.php\/wp-json\/wp\/v2\/media\/8038"}],"wp:attachment":[{"href":"https:\/\/sensuu.pl\/index.php\/wp-json\/wp\/v2\/media?parent=8037"}],"wp:term":[{"taxonomy":"product_brand","embeddable":true,"href":"https:\/\/sensuu.pl\/index.php\/wp-json\/wp\/v2\/product_brand?post=8037"},{"taxonomy":"product_cat","embeddable":true,"href":"https:\/\/sensuu.pl\/index.php\/wp-json\/wp\/v2\/product_cat?post=8037"},{"taxonomy":"product_tag","embeddable":true,"href":"https:\/\/sensuu.pl\/index.php\/wp-json\/wp\/v2\/product_tag?post=8037"}],"curies":[{"name":"wp","href":"https:\/\/api.w.org\/{rel}","templated":true}]}}