{"id":8028,"date":"2021-09-28T21:35:58","date_gmt":"2021-09-28T19:35:58","guid":{"rendered":"https:\/\/sensuu.pl\/?post_type=product&#038;p=8028"},"modified":"2021-12-05T20:56:51","modified_gmt":"2021-12-05T19:56:51","slug":"komplet-passionata-p78320-czarny","status":"publish","type":"product","link":"https:\/\/sensuu.pl\/index.php\/produkt\/komplet-passionata-p78320-czarny\/","title":{"rendered":"Komplet Passionata P78320 czarny"},"content":{"rendered":"<p>Komplet Passionata P78320 czarny<br \/>\nRozmiar: 70B<br \/>\nRozmiar majtek: 36\/XS<\/p>\n<p><strong>Passionata by Chantelle<\/strong> to luksusowa francuska marka bielizny damskiej. Adresowana do m\u0142odszej grupy klientek, kt\u00f3re przy wyborze bielizny zwracaj\u0105 uwag\u0119 przede wszystkim na aktualne trendy. To marka, kt\u00f3r\u0105 wyr\u00f3\u017cnia nowoczesno\u015b\u0107, r\u00f3\u017cnorodno\u015b\u0107 i styl.<\/p>\n","protected":false},"excerpt":{"rendered":"<p>Komplet Passionata P78320 czarny<br \/>\nRozmiar: 70B<br \/>\nRozmiar majtek: 36\/XS<\/p>\n","protected":false},"featured_media":8031,"template":"","meta":[],"product_brand":[],"product_cat":[89,94,97,91],"product_tag":[207,192,209,179,180],"class_list":{"0":"post-8028","1":"product","2":"type-product","3":"status-publish","4":"has-post-thumbnail","6":"product_cat-bra","7":"product_cat-figi","8":"product_cat-komplety","9":"product_cat-usztywniane","10":"product_tag-biustonosz-siateczka","11":"product_tag-czarny-komplet","12":"product_tag-ekstrawagancki-biustonosz","13":"product_tag-seksowna-bielizna","14":"product_tag-seksowny-komplet","16":"first","17":"instock","18":"shipping-taxable","19":"purchasable","20":"product-type-simple"},"_links":{"self":[{"href":"https:\/\/sensuu.pl\/index.php\/wp-json\/wp\/v2\/product\/8028","targetHints":{"allow":["GET"]}}],"collection":[{"href":"https:\/\/sensuu.pl\/index.php\/wp-json\/wp\/v2\/product"}],"about":[{"href":"https:\/\/sensuu.pl\/index.php\/wp-json\/wp\/v2\/types\/product"}],"version-history":[{"count":2,"href":"https:\/\/sensuu.pl\/index.php\/wp-json\/wp\/v2\/product\/8028\/revisions"}],"predecessor-version":[{"id":8472,"href":"https:\/\/sensuu.pl\/index.php\/wp-json\/wp\/v2\/product\/8028\/revisions\/8472"}],"wp:featuredmedia":[{"embeddable":true,"href":"https:\/\/sensuu.pl\/index.php\/wp-json\/wp\/v2\/media\/8031"}],"wp:attachment":[{"href":"https:\/\/sensuu.pl\/index.php\/wp-json\/wp\/v2\/media?parent=8028"}],"wp:term":[{"taxonomy":"product_brand","embeddable":true,"href":"https:\/\/sensuu.pl\/index.php\/wp-json\/wp\/v2\/product_brand?post=8028"},{"taxonomy":"product_cat","embeddable":true,"href":"https:\/\/sensuu.pl\/index.php\/wp-json\/wp\/v2\/product_cat?post=8028"},{"taxonomy":"product_tag","embeddable":true,"href":"https:\/\/sensuu.pl\/index.php\/wp-json\/wp\/v2\/product_tag?post=8028"}],"curies":[{"name":"wp","href":"https:\/\/api.w.org\/{rel}","templated":true}]}}