{"id":8020,"date":"2021-09-28T20:59:55","date_gmt":"2021-09-28T18:59:55","guid":{"rendered":"https:\/\/sensuu.pl\/?post_type=product&#038;p=8020"},"modified":"2021-12-05T21:01:23","modified_gmt":"2021-12-05T20:01:23","slug":"komplet-passionata-czarny","status":"publish","type":"product","link":"https:\/\/sensuu.pl\/index.php\/produkt\/komplet-passionata-czarny\/","title":{"rendered":"Komplet Passionata czarny"},"content":{"rendered":"<p>Komplet Passionata P72050-OLK kolor czarny<br \/>\nRozmiar: 80C<br \/>\nRozmiar majtek: 40EU\/M<\/p>\n<p>&nbsp;<\/p>\n<p><strong>Passionata by Chantelle<\/strong> to luksusowa francuska marka bielizny damskiej. Adresowana do m\u0142odszej grupy klientek, kt\u00f3re przy wyborze bielizny zwracaj\u0105 uwag\u0119 przede wszystkim na aktualne trendy. To marka, kt\u00f3r\u0105 wyr\u00f3\u017cnia nowoczesno\u015b\u0107, r\u00f3\u017cnorodno\u015b\u0107 i styl.<\/p>\n","protected":false},"excerpt":{"rendered":"<p>Komplet Passionata P72050-OLK kolor czarny<br \/>\nRozmiar: 80C<br \/>\nRozmiar majtek: 40EU\/M<\/p>\n","protected":false},"featured_media":8021,"template":"","meta":[],"product_brand":[],"product_cat":[89,94,97,152],"product_tag":[147,235,179,180],"class_list":{"0":"post-8020","1":"product","2":"type-product","3":"status-publish","4":"has-post-thumbnail","6":"product_cat-bra","7":"product_cat-figi","8":"product_cat-komplety","9":"product_cat-nieusztywnianie","10":"product_tag-bielizna-na-randke","11":"product_tag-czarna-bielizna","12":"product_tag-seksowna-bielizna","13":"product_tag-seksowny-komplet","15":"first","16":"instock","17":"shipping-taxable","18":"purchasable","19":"product-type-simple"},"_links":{"self":[{"href":"https:\/\/sensuu.pl\/index.php\/wp-json\/wp\/v2\/product\/8020","targetHints":{"allow":["GET"]}}],"collection":[{"href":"https:\/\/sensuu.pl\/index.php\/wp-json\/wp\/v2\/product"}],"about":[{"href":"https:\/\/sensuu.pl\/index.php\/wp-json\/wp\/v2\/types\/product"}],"version-history":[{"count":4,"href":"https:\/\/sensuu.pl\/index.php\/wp-json\/wp\/v2\/product\/8020\/revisions"}],"predecessor-version":[{"id":8602,"href":"https:\/\/sensuu.pl\/index.php\/wp-json\/wp\/v2\/product\/8020\/revisions\/8602"}],"wp:featuredmedia":[{"embeddable":true,"href":"https:\/\/sensuu.pl\/index.php\/wp-json\/wp\/v2\/media\/8021"}],"wp:attachment":[{"href":"https:\/\/sensuu.pl\/index.php\/wp-json\/wp\/v2\/media?parent=8020"}],"wp:term":[{"taxonomy":"product_brand","embeddable":true,"href":"https:\/\/sensuu.pl\/index.php\/wp-json\/wp\/v2\/product_brand?post=8020"},{"taxonomy":"product_cat","embeddable":true,"href":"https:\/\/sensuu.pl\/index.php\/wp-json\/wp\/v2\/product_cat?post=8020"},{"taxonomy":"product_tag","embeddable":true,"href":"https:\/\/sensuu.pl\/index.php\/wp-json\/wp\/v2\/product_tag?post=8020"}],"curies":[{"name":"wp","href":"https:\/\/api.w.org\/{rel}","templated":true}]}}