{"id":8016,"date":"2021-09-28T20:58:04","date_gmt":"2021-09-28T18:58:04","guid":{"rendered":"https:\/\/sensuu.pl\/?post_type=product&#038;p=8016"},"modified":"2021-12-05T21:04:05","modified_gmt":"2021-12-05T20:04:05","slug":"komplet-passionata-p55350-czerwony","status":"publish","type":"product","link":"https:\/\/sensuu.pl\/index.php\/produkt\/komplet-passionata-p55350-czerwony\/","title":{"rendered":"Komplet Passionata P55350 czerwony"},"content":{"rendered":"<p>Komplet Passionata P55350 kolor czerwony<br \/>\nRozmiar: 75G<br \/>\nRozmiar majtek: 38EU \/S<\/p>\n<p><strong>Passionata by Chantelle<\/strong> to luksusowa francuska marka bielizny damskiej. Adresowana do m\u0142odszej grupy klientek, kt\u00f3re przy wyborze bielizny zwracaj\u0105 uwag\u0119 przede wszystkim na aktualne trendy. To marka, kt\u00f3r\u0105 wyr\u00f3\u017cnia nowoczesno\u015b\u0107, r\u00f3\u017cnorodno\u015b\u0107 i styl.<\/p>\n","protected":false},"excerpt":{"rendered":"<p>Komplet Passionata P55350 kolor czerwony<br \/>\nRozmiar: 75G<br \/>\nRozmiar majtek: 38EU \/S<\/p>\n","protected":false},"featured_media":7984,"template":"","meta":[],"product_brand":[],"product_cat":[89,94,97,152],"product_tag":[156,147,234,191,221,210],"class_list":{"0":"post-8016","1":"product","2":"type-product","3":"status-publish","4":"has-post-thumbnail","6":"product_cat-bra","7":"product_cat-figi","8":"product_cat-komplety","9":"product_cat-nieusztywnianie","10":"product_tag-bielizna-dla-siebie","11":"product_tag-bielizna-na-randke","12":"product_tag-bielizna-z-koronka","13":"product_tag-czerwona-bielizna","14":"product_tag-czerwony-komplet","15":"product_tag-elegancki-komplet","17":"first","18":"instock","19":"shipping-taxable","20":"purchasable","21":"product-type-simple"},"_links":{"self":[{"href":"https:\/\/sensuu.pl\/index.php\/wp-json\/wp\/v2\/product\/8016","targetHints":{"allow":["GET"]}}],"collection":[{"href":"https:\/\/sensuu.pl\/index.php\/wp-json\/wp\/v2\/product"}],"about":[{"href":"https:\/\/sensuu.pl\/index.php\/wp-json\/wp\/v2\/types\/product"}],"version-history":[{"count":3,"href":"https:\/\/sensuu.pl\/index.php\/wp-json\/wp\/v2\/product\/8016\/revisions"}],"predecessor-version":[{"id":8474,"href":"https:\/\/sensuu.pl\/index.php\/wp-json\/wp\/v2\/product\/8016\/revisions\/8474"}],"wp:featuredmedia":[{"embeddable":true,"href":"https:\/\/sensuu.pl\/index.php\/wp-json\/wp\/v2\/media\/7984"}],"wp:attachment":[{"href":"https:\/\/sensuu.pl\/index.php\/wp-json\/wp\/v2\/media?parent=8016"}],"wp:term":[{"taxonomy":"product_brand","embeddable":true,"href":"https:\/\/sensuu.pl\/index.php\/wp-json\/wp\/v2\/product_brand?post=8016"},{"taxonomy":"product_cat","embeddable":true,"href":"https:\/\/sensuu.pl\/index.php\/wp-json\/wp\/v2\/product_cat?post=8016"},{"taxonomy":"product_tag","embeddable":true,"href":"https:\/\/sensuu.pl\/index.php\/wp-json\/wp\/v2\/product_tag?post=8016"}],"curies":[{"name":"wp","href":"https:\/\/api.w.org\/{rel}","templated":true}]}}