{"id":8007,"date":"2021-09-28T20:42:44","date_gmt":"2021-09-28T18:42:44","guid":{"rendered":"https:\/\/sensuu.pl\/?post_type=product&#038;p=8007"},"modified":"2021-12-05T21:10:20","modified_gmt":"2021-12-05T20:10:20","slug":"biustonosz-simone-perele-lim-brzoskwiniowy","status":"publish","type":"product","link":"https:\/\/sensuu.pl\/index.php\/produkt\/biustonosz-simone-perele-lim-brzoskwiniowy\/","title":{"rendered":"Biustonosz Simone P\u00e9r\u00e8le LIM brzoskwiniowy"},"content":{"rendered":"<p>Biustonosz Simone P\u00e9r\u00e8le LIM brzoskwiniowy bez fiszbin<br \/>\n14G250<br \/>\nRozmiar: EUR 1 (70A\/B)<\/p>\n<p><strong>Simone P\u00e9r\u00e8le<\/strong> to francuska marka ekskluzywnej bielizny, stworzonej z materia\u0142\u00f3w najwy\u017cszej jako\u015bci. Dba\u0142o\u015b\u0107 o szczeg\u00f3\u0142y i jako\u015b w ka\u017cdym detalu to jej znak rozpoznawczy. To marka, kt\u00f3r\u0105 wyr\u00f3\u017cnia zmys\u0142owo\u015b\u0107 i kobieco\u015b\u0107.<\/p>\n","protected":false},"excerpt":{"rendered":"<p>Biustonosz Simone P\u00e9r\u00e8le LIM brzoskwiniowy<br \/>\n14G250<br \/>\nRozmiar: EUR 1 (70A\/B)<\/p>\n","protected":false},"featured_media":8011,"template":"","meta":[],"product_brand":[],"product_cat":[89,152],"product_tag":[146,236,155,218,189],"class_list":{"0":"post-8007","1":"product","2":"type-product","3":"status-publish","4":"has-post-thumbnail","6":"product_cat-bra","7":"product_cat-nieusztywnianie","8":"product_tag-biustonosz-koronkowy","9":"product_tag-biustonosz-z-koronka","10":"product_tag-modny-biustonosz","11":"product_tag-ozdobny-biustonosz","12":"product_tag-seksowny-biustonosz","14":"first","15":"instock","16":"shipping-taxable","17":"purchasable","18":"product-type-simple"},"_links":{"self":[{"href":"https:\/\/sensuu.pl\/index.php\/wp-json\/wp\/v2\/product\/8007","targetHints":{"allow":["GET"]}}],"collection":[{"href":"https:\/\/sensuu.pl\/index.php\/wp-json\/wp\/v2\/product"}],"about":[{"href":"https:\/\/sensuu.pl\/index.php\/wp-json\/wp\/v2\/types\/product"}],"version-history":[{"count":2,"href":"https:\/\/sensuu.pl\/index.php\/wp-json\/wp\/v2\/product\/8007\/revisions"}],"predecessor-version":[{"id":8492,"href":"https:\/\/sensuu.pl\/index.php\/wp-json\/wp\/v2\/product\/8007\/revisions\/8492"}],"wp:featuredmedia":[{"embeddable":true,"href":"https:\/\/sensuu.pl\/index.php\/wp-json\/wp\/v2\/media\/8011"}],"wp:attachment":[{"href":"https:\/\/sensuu.pl\/index.php\/wp-json\/wp\/v2\/media?parent=8007"}],"wp:term":[{"taxonomy":"product_brand","embeddable":true,"href":"https:\/\/sensuu.pl\/index.php\/wp-json\/wp\/v2\/product_brand?post=8007"},{"taxonomy":"product_cat","embeddable":true,"href":"https:\/\/sensuu.pl\/index.php\/wp-json\/wp\/v2\/product_cat?post=8007"},{"taxonomy":"product_tag","embeddable":true,"href":"https:\/\/sensuu.pl\/index.php\/wp-json\/wp\/v2\/product_tag?post=8007"}],"curies":[{"name":"wp","href":"https:\/\/api.w.org\/{rel}","templated":true}]}}