{"id":7998,"date":"2021-09-28T14:35:34","date_gmt":"2021-09-28T12:35:34","guid":{"rendered":"https:\/\/sensuu.pl\/?post_type=product&#038;p=7998"},"modified":"2021-12-05T21:11:36","modified_gmt":"2021-12-05T20:11:36","slug":"biustonosz-simone-perele-tro-brazowa-siatka","status":"publish","type":"product","link":"https:\/\/sensuu.pl\/index.php\/produkt\/biustonosz-simone-perele-tro-brazowa-siatka\/","title":{"rendered":"Biustonosz Simone P\u00e9r\u00e8le TRO br\u0105zowa siatka"},"content":{"rendered":"<p>Biustonosz Simone P\u00e9r\u00e8le TRO br\u0105zowa siatka<br \/>\n12P314<br \/>\nRozmiar: 85C<\/p>\n<p><strong>Simone P\u00e9r\u00e8le<\/strong> to francuska marka ekskluzywnej bielizny, stworzonej z materia\u0142\u00f3w najwy\u017cszej jako\u015bci. Dba\u0142o\u015b\u0107 o szczeg\u00f3\u0142y i jako\u015b w ka\u017cdym detalu to jej znak rozpoznawczy. To marka, kt\u00f3r\u0105 wyr\u00f3\u017cnia zmys\u0142owo\u015b\u0107 i kobieco\u015b\u0107.<\/p>\n","protected":false},"excerpt":{"rendered":"<p>Biustonosz Simone P\u00e9r\u00e8le TRO br\u0105zowa siatka<br \/>\n12P314<br \/>\nRozmiar: 85C<\/p>\n","protected":false},"featured_media":7999,"template":"","meta":[],"product_brand":[],"product_cat":[89,152],"product_tag":[214,207,242],"class_list":{"0":"post-7998","1":"product","2":"type-product","3":"status-publish","4":"has-post-thumbnail","6":"product_cat-bra","7":"product_cat-nieusztywnianie","8":"product_tag-biustonosz-na-co-dzien","9":"product_tag-biustonosz-siateczka","10":"product_tag-luksusowy-biustonosz","12":"first","13":"instock","14":"shipping-taxable","15":"purchasable","16":"product-type-simple"},"_links":{"self":[{"href":"https:\/\/sensuu.pl\/index.php\/wp-json\/wp\/v2\/product\/7998","targetHints":{"allow":["GET"]}}],"collection":[{"href":"https:\/\/sensuu.pl\/index.php\/wp-json\/wp\/v2\/product"}],"about":[{"href":"https:\/\/sensuu.pl\/index.php\/wp-json\/wp\/v2\/types\/product"}],"version-history":[{"count":3,"href":"https:\/\/sensuu.pl\/index.php\/wp-json\/wp\/v2\/product\/7998\/revisions"}],"predecessor-version":[{"id":8603,"href":"https:\/\/sensuu.pl\/index.php\/wp-json\/wp\/v2\/product\/7998\/revisions\/8603"}],"wp:featuredmedia":[{"embeddable":true,"href":"https:\/\/sensuu.pl\/index.php\/wp-json\/wp\/v2\/media\/7999"}],"wp:attachment":[{"href":"https:\/\/sensuu.pl\/index.php\/wp-json\/wp\/v2\/media?parent=7998"}],"wp:term":[{"taxonomy":"product_brand","embeddable":true,"href":"https:\/\/sensuu.pl\/index.php\/wp-json\/wp\/v2\/product_brand?post=7998"},{"taxonomy":"product_cat","embeddable":true,"href":"https:\/\/sensuu.pl\/index.php\/wp-json\/wp\/v2\/product_cat?post=7998"},{"taxonomy":"product_tag","embeddable":true,"href":"https:\/\/sensuu.pl\/index.php\/wp-json\/wp\/v2\/product_tag?post=7998"}],"curies":[{"name":"wp","href":"https:\/\/api.w.org\/{rel}","templated":true}]}}