{"id":7990,"date":"2021-09-28T14:24:51","date_gmt":"2021-09-28T12:24:51","guid":{"rendered":"https:\/\/sensuu.pl\/?post_type=product&#038;p=7990"},"modified":"2021-12-05T21:13:39","modified_gmt":"2021-12-05T20:13:39","slug":"biustonosz-passionata-p49550-czarna-koronka-2","status":"publish","type":"product","link":"https:\/\/sensuu.pl\/index.php\/produkt\/biustonosz-passionata-p49550-czarna-koronka-2\/","title":{"rendered":"Biustonosz Passionata P49550 czarna koronka"},"content":{"rendered":"<p>Biustonosz Passionata P49550 kolor czarny<br \/>\nRozmiar: 75B<\/p>\n<p><strong>Passionata by Chantelle<\/strong> to luksusowa francuska marka bielizny damskiej.  Adresowana do m\u0142odszej grupy klientek, kt\u00f3re przy wyborze bielizny zwracaj\u0105 uwag\u0119 przede wszystkim na aktualne trendy. To marka, kt\u00f3r\u0105 wyr\u00f3\u017cnia nowoczesno\u015b\u0107, r\u00f3\u017cnorodno\u015b\u0107 i styl.<\/p>\n","protected":false},"excerpt":{"rendered":"<p>Biustonosz Passionata P49550 kolor czarny<br \/>\nRozmiar: 75B<\/p>\n","protected":false},"featured_media":7992,"template":"","meta":[],"product_brand":[],"product_cat":[89,90],"product_tag":[146,209,219,189],"class_list":{"0":"post-7990","1":"product","2":"type-product","3":"status-publish","4":"has-post-thumbnail","6":"product_cat-bra","7":"product_cat-koronkowe","8":"product_tag-biustonosz-koronkowy","9":"product_tag-ekstrawagancki-biustonosz","10":"product_tag-luksuowy-biustonosz","11":"product_tag-seksowny-biustonosz","13":"first","14":"instock","15":"shipping-taxable","16":"purchasable","17":"product-type-simple"},"_links":{"self":[{"href":"https:\/\/sensuu.pl\/index.php\/wp-json\/wp\/v2\/product\/7990","targetHints":{"allow":["GET"]}}],"collection":[{"href":"https:\/\/sensuu.pl\/index.php\/wp-json\/wp\/v2\/product"}],"about":[{"href":"https:\/\/sensuu.pl\/index.php\/wp-json\/wp\/v2\/types\/product"}],"version-history":[{"count":2,"href":"https:\/\/sensuu.pl\/index.php\/wp-json\/wp\/v2\/product\/7990\/revisions"}],"predecessor-version":[{"id":8480,"href":"https:\/\/sensuu.pl\/index.php\/wp-json\/wp\/v2\/product\/7990\/revisions\/8480"}],"wp:featuredmedia":[{"embeddable":true,"href":"https:\/\/sensuu.pl\/index.php\/wp-json\/wp\/v2\/media\/7992"}],"wp:attachment":[{"href":"https:\/\/sensuu.pl\/index.php\/wp-json\/wp\/v2\/media?parent=7990"}],"wp:term":[{"taxonomy":"product_brand","embeddable":true,"href":"https:\/\/sensuu.pl\/index.php\/wp-json\/wp\/v2\/product_brand?post=7990"},{"taxonomy":"product_cat","embeddable":true,"href":"https:\/\/sensuu.pl\/index.php\/wp-json\/wp\/v2\/product_cat?post=7990"},{"taxonomy":"product_tag","embeddable":true,"href":"https:\/\/sensuu.pl\/index.php\/wp-json\/wp\/v2\/product_tag?post=7990"}],"curies":[{"name":"wp","href":"https:\/\/api.w.org\/{rel}","templated":true}]}}