{"id":7971,"date":"2021-09-28T14:12:22","date_gmt":"2021-09-28T12:12:22","guid":{"rendered":"https:\/\/sensuu.pl\/?post_type=product&#038;p=7971"},"modified":"2021-12-05T21:23:14","modified_gmt":"2021-12-05T20:23:14","slug":"komplet-passionata-rozowy","status":"publish","type":"product","link":"https:\/\/sensuu.pl\/index.php\/produkt\/komplet-passionata-rozowy\/","title":{"rendered":"Komplet Passionata r\u00f3\u017cowy"},"content":{"rendered":"<p>Komplet Passionata P55340 kolor r\u00f3\u017cowy<br \/>\nRozmiar: 75F<br \/>\nRozmiar majtek: 40<\/p>\n<p><strong>Passionata by Chantelle<\/strong> to luksusowa francuska marka bielizny damskiej. Adresowana do m\u0142odszej grupy klientek, kt\u00f3re przy wyborze bielizny zwracaj\u0105 uwag\u0119 przede wszystkim na aktualne trendy. To marka, kt\u00f3r\u0105 wyr\u00f3\u017cnia nowoczesno\u015b\u0107, r\u00f3\u017cnorodno\u015b\u0107 i styl.<\/p>\n","protected":false},"excerpt":{"rendered":"<p>Komplet Passionata P55340 kolor r\u00f3\u017cowy<br \/>\nRozmiar: 75F<br \/>\nRozmiar majtek: 40<\/p>\n","protected":false},"featured_media":7972,"template":"","meta":[],"product_brand":[],"product_cat":[89,94,97,152],"product_tag":[214,207,169,242,244,180],"class_list":{"0":"post-7971","1":"product","2":"type-product","3":"status-publish","4":"has-post-thumbnail","6":"product_cat-bra","7":"product_cat-figi","8":"product_cat-komplety","9":"product_cat-nieusztywnianie","10":"product_tag-biustonosz-na-co-dzien","11":"product_tag-biustonosz-siateczka","12":"product_tag-komplet-bielizny","13":"product_tag-luksusowy-biustonosz","14":"product_tag-romantyczny-komplet","15":"product_tag-seksowny-komplet","17":"first","18":"instock","19":"shipping-taxable","20":"purchasable","21":"product-type-simple"},"_links":{"self":[{"href":"https:\/\/sensuu.pl\/index.php\/wp-json\/wp\/v2\/product\/7971","targetHints":{"allow":["GET"]}}],"collection":[{"href":"https:\/\/sensuu.pl\/index.php\/wp-json\/wp\/v2\/product"}],"about":[{"href":"https:\/\/sensuu.pl\/index.php\/wp-json\/wp\/v2\/types\/product"}],"version-history":[{"count":3,"href":"https:\/\/sensuu.pl\/index.php\/wp-json\/wp\/v2\/product\/7971\/revisions"}],"predecessor-version":[{"id":8482,"href":"https:\/\/sensuu.pl\/index.php\/wp-json\/wp\/v2\/product\/7971\/revisions\/8482"}],"wp:featuredmedia":[{"embeddable":true,"href":"https:\/\/sensuu.pl\/index.php\/wp-json\/wp\/v2\/media\/7972"}],"wp:attachment":[{"href":"https:\/\/sensuu.pl\/index.php\/wp-json\/wp\/v2\/media?parent=7971"}],"wp:term":[{"taxonomy":"product_brand","embeddable":true,"href":"https:\/\/sensuu.pl\/index.php\/wp-json\/wp\/v2\/product_brand?post=7971"},{"taxonomy":"product_cat","embeddable":true,"href":"https:\/\/sensuu.pl\/index.php\/wp-json\/wp\/v2\/product_cat?post=7971"},{"taxonomy":"product_tag","embeddable":true,"href":"https:\/\/sensuu.pl\/index.php\/wp-json\/wp\/v2\/product_tag?post=7971"}],"curies":[{"name":"wp","href":"https:\/\/api.w.org\/{rel}","templated":true}]}}