{"id":7960,"date":"2021-09-21T23:07:21","date_gmt":"2021-09-21T21:07:21","guid":{"rendered":"https:\/\/sensuu.pl\/?post_type=product&#038;p=7960"},"modified":"2021-12-05T21:26:24","modified_gmt":"2021-12-05T20:26:24","slug":"komplet-passionata-brazowy-80d-42","status":"publish","type":"product","link":"https:\/\/sensuu.pl\/index.php\/produkt\/komplet-passionata-brazowy-80d-42\/","title":{"rendered":"Komplet Passionata br\u0105zowy 80D 42"},"content":{"rendered":"<p>Komplet Passionata br\u0105zowy<br \/>\nRozmiar: 80D<br \/>\nRozmiar majtek: 42<\/p>\n<p><strong>Passionata by Chantelle<\/strong> to luksusowa francuska marka bielizny damskiej. Adresowana do m\u0142odszej grupy klientek, kt\u00f3re przy wyborze bielizny zwracaj\u0105 uwag\u0119 przede wszystkim na aktualne trendy. To marka, kt\u00f3r\u0105 wyr\u00f3\u017cnia nowoczesno\u015b\u0107, r\u00f3\u017cnorodno\u015b\u0107 i styl.<\/p>\n","protected":false},"excerpt":{"rendered":"<p>Komplet Passionata br\u0105zowy<br \/>\nRozmiar: 80D<br \/>\nRozmiar majtek: 42<\/p>\n","protected":false},"featured_media":7950,"template":"","meta":[],"product_brand":[],"product_cat":[89,94,97,152],"product_tag":[234,207,210,180,216],"class_list":{"0":"post-7960","1":"product","2":"type-product","3":"status-publish","4":"has-post-thumbnail","6":"product_cat-bra","7":"product_cat-figi","8":"product_cat-komplety","9":"product_cat-nieusztywnianie","10":"product_tag-bielizna-z-koronka","11":"product_tag-biustonosz-siateczka","12":"product_tag-elegancki-komplet","13":"product_tag-seksowny-komplet","14":"product_tag-stylowy-komplet","16":"first","17":"instock","18":"shipping-taxable","19":"purchasable","20":"product-type-simple"},"_links":{"self":[{"href":"https:\/\/sensuu.pl\/index.php\/wp-json\/wp\/v2\/product\/7960","targetHints":{"allow":["GET"]}}],"collection":[{"href":"https:\/\/sensuu.pl\/index.php\/wp-json\/wp\/v2\/product"}],"about":[{"href":"https:\/\/sensuu.pl\/index.php\/wp-json\/wp\/v2\/types\/product"}],"version-history":[{"count":2,"href":"https:\/\/sensuu.pl\/index.php\/wp-json\/wp\/v2\/product\/7960\/revisions"}],"predecessor-version":[{"id":8484,"href":"https:\/\/sensuu.pl\/index.php\/wp-json\/wp\/v2\/product\/7960\/revisions\/8484"}],"wp:featuredmedia":[{"embeddable":true,"href":"https:\/\/sensuu.pl\/index.php\/wp-json\/wp\/v2\/media\/7950"}],"wp:attachment":[{"href":"https:\/\/sensuu.pl\/index.php\/wp-json\/wp\/v2\/media?parent=7960"}],"wp:term":[{"taxonomy":"product_brand","embeddable":true,"href":"https:\/\/sensuu.pl\/index.php\/wp-json\/wp\/v2\/product_brand?post=7960"},{"taxonomy":"product_cat","embeddable":true,"href":"https:\/\/sensuu.pl\/index.php\/wp-json\/wp\/v2\/product_cat?post=7960"},{"taxonomy":"product_tag","embeddable":true,"href":"https:\/\/sensuu.pl\/index.php\/wp-json\/wp\/v2\/product_tag?post=7960"}],"curies":[{"name":"wp","href":"https:\/\/api.w.org\/{rel}","templated":true}]}}