{"id":7939,"date":"2021-09-21T22:54:37","date_gmt":"2021-09-21T20:54:37","guid":{"rendered":"https:\/\/sensuu.pl\/?post_type=product&#038;p=7939"},"modified":"2021-12-05T21:31:09","modified_gmt":"2021-12-05T20:31:09","slug":"biustonosz-simone-perele-ede-pomaranczowy-80c","status":"publish","type":"product","link":"https:\/\/sensuu.pl\/index.php\/produkt\/biustonosz-simone-perele-ede-pomaranczowy-80c\/","title":{"rendered":"Biustonosz Simone P\u00e9r\u00e8le EDE pomara\u0144czowy 80C"},"content":{"rendered":"<p>Biustonosz Simone P\u00e9r\u00e8le EDE pomara\u0144czowy<br \/>\n12E250<br \/>\nRozmiar: 80C<\/p>\n<p><strong>Simone P\u00e9r\u00e8le<\/strong> to francuska marka ekskluzywnej bielizny, stworzonej z materia\u0142\u00f3w najwy\u017cszej jako\u015bci. Dba\u0142o\u015b\u0107 o szczeg\u00f3\u0142y i jako\u015b w ka\u017cdym detalu to jej znak rozpoznawczy. To marka, kt\u00f3r\u0105 wyr\u00f3\u017cnia zmys\u0142owo\u015b\u0107 i kobieco\u015b\u0107.<\/p>\n","protected":false},"excerpt":{"rendered":"<p>Biustonosz Simone P\u00e9r\u00e8le EDE pomara\u0144czowy<br \/>\n12E250<br \/>\nRozmiar: 80C<\/p>\n","protected":false},"featured_media":7942,"template":"","meta":[],"product_brand":[],"product_cat":[89,199,152],"product_tag":[146,220,155],"class_list":{"0":"post-7939","1":"product","2":"type-product","3":"status-publish","4":"has-post-thumbnail","6":"product_cat-bra","7":"product_cat-braletka","8":"product_cat-nieusztywnianie","9":"product_tag-biustonosz-koronkowy","10":"product_tag-komfortowy-biusztonosz","11":"product_tag-modny-biustonosz","13":"first","14":"instock","15":"shipping-taxable","16":"purchasable","17":"product-type-simple"},"_links":{"self":[{"href":"https:\/\/sensuu.pl\/index.php\/wp-json\/wp\/v2\/product\/7939","targetHints":{"allow":["GET"]}}],"collection":[{"href":"https:\/\/sensuu.pl\/index.php\/wp-json\/wp\/v2\/product"}],"about":[{"href":"https:\/\/sensuu.pl\/index.php\/wp-json\/wp\/v2\/types\/product"}],"version-history":[{"count":2,"href":"https:\/\/sensuu.pl\/index.php\/wp-json\/wp\/v2\/product\/7939\/revisions"}],"predecessor-version":[{"id":8494,"href":"https:\/\/sensuu.pl\/index.php\/wp-json\/wp\/v2\/product\/7939\/revisions\/8494"}],"wp:featuredmedia":[{"embeddable":true,"href":"https:\/\/sensuu.pl\/index.php\/wp-json\/wp\/v2\/media\/7942"}],"wp:attachment":[{"href":"https:\/\/sensuu.pl\/index.php\/wp-json\/wp\/v2\/media?parent=7939"}],"wp:term":[{"taxonomy":"product_brand","embeddable":true,"href":"https:\/\/sensuu.pl\/index.php\/wp-json\/wp\/v2\/product_brand?post=7939"},{"taxonomy":"product_cat","embeddable":true,"href":"https:\/\/sensuu.pl\/index.php\/wp-json\/wp\/v2\/product_cat?post=7939"},{"taxonomy":"product_tag","embeddable":true,"href":"https:\/\/sensuu.pl\/index.php\/wp-json\/wp\/v2\/product_tag?post=7939"}],"curies":[{"name":"wp","href":"https:\/\/api.w.org\/{rel}","templated":true}]}}