{"id":7923,"date":"2021-09-21T22:42:24","date_gmt":"2021-09-21T20:42:24","guid":{"rendered":"https:\/\/sensuu.pl\/?post_type=product&#038;p=7923"},"modified":"2021-12-05T21:31:18","modified_gmt":"2021-12-05T20:31:18","slug":"komplet-chantelle-szary-c28360","status":"publish","type":"product","link":"https:\/\/sensuu.pl\/index.php\/produkt\/komplet-chantelle-szary-c28360\/","title":{"rendered":"Komplet Chantelle szary C28360"},"content":{"rendered":"<p>Komplet Chantelle szary<br \/>\nC28360<br \/>\nRozmiar: 75C<br \/>\nRozmiar majtek: 36<\/p>\n<p><strong>Chantelle<\/strong> to luksusowa francuska marka bielizny damskiej. Oferuj\u0119 szeroki wyb\u00f3r biustonoszy, kt\u00f3re cechuje elegancja i doskona\u0142a jako\u015b\u0107 w ka\u017cdym detalu. To marka, kt\u00f3r\u0105 wyr\u00f3\u017cnia \u017ar\u00f3d\u0142o si\u0142y, komfortu i stylu.<\/p>\n","protected":false},"excerpt":{"rendered":"<p>Komplet Chantelle szary<br \/>\nC28360<br \/>\nRozmiar: 75C<br \/>\nRozmiar majtek: 36<\/p>\n","protected":false},"featured_media":7925,"template":"","meta":[],"product_brand":[],"product_cat":[89,94,97,152],"product_tag":[170,210,180,216],"class_list":{"0":"post-7923","1":"product","2":"type-product","3":"status-publish","4":"has-post-thumbnail","6":"product_cat-bra","7":"product_cat-figi","8":"product_cat-komplety","9":"product_cat-nieusztywnianie","10":"product_tag-bielizna-komplet","11":"product_tag-elegancki-komplet","12":"product_tag-seksowny-komplet","13":"product_tag-stylowy-komplet","15":"first","16":"instock","17":"sale","18":"shipping-taxable","19":"purchasable","20":"product-type-simple"},"_links":{"self":[{"href":"https:\/\/sensuu.pl\/index.php\/wp-json\/wp\/v2\/product\/7923","targetHints":{"allow":["GET"]}}],"collection":[{"href":"https:\/\/sensuu.pl\/index.php\/wp-json\/wp\/v2\/product"}],"about":[{"href":"https:\/\/sensuu.pl\/index.php\/wp-json\/wp\/v2\/types\/product"}],"version-history":[{"count":3,"href":"https:\/\/sensuu.pl\/index.php\/wp-json\/wp\/v2\/product\/7923\/revisions"}],"predecessor-version":[{"id":8605,"href":"https:\/\/sensuu.pl\/index.php\/wp-json\/wp\/v2\/product\/7923\/revisions\/8605"}],"wp:featuredmedia":[{"embeddable":true,"href":"https:\/\/sensuu.pl\/index.php\/wp-json\/wp\/v2\/media\/7925"}],"wp:attachment":[{"href":"https:\/\/sensuu.pl\/index.php\/wp-json\/wp\/v2\/media?parent=7923"}],"wp:term":[{"taxonomy":"product_brand","embeddable":true,"href":"https:\/\/sensuu.pl\/index.php\/wp-json\/wp\/v2\/product_brand?post=7923"},{"taxonomy":"product_cat","embeddable":true,"href":"https:\/\/sensuu.pl\/index.php\/wp-json\/wp\/v2\/product_cat?post=7923"},{"taxonomy":"product_tag","embeddable":true,"href":"https:\/\/sensuu.pl\/index.php\/wp-json\/wp\/v2\/product_tag?post=7923"}],"curies":[{"name":"wp","href":"https:\/\/api.w.org\/{rel}","templated":true}]}}