{"id":7918,"date":"2021-09-21T22:38:28","date_gmt":"2021-09-21T20:38:28","guid":{"rendered":"https:\/\/sensuu.pl\/?post_type=product&#038;p=7918"},"modified":"2021-12-05T21:35:38","modified_gmt":"2021-12-05T20:35:38","slug":"komplet-passionata-szaro-czerwony-80d-majtki-38","status":"publish","type":"product","link":"https:\/\/sensuu.pl\/index.php\/produkt\/komplet-passionata-szaro-czerwony-80d-majtki-38\/","title":{"rendered":"Komplet Passionata szaro-czerwony 80D majtki 38"},"content":{"rendered":"<p>Komplet Passionata szaro-czerwony<br \/>\nRozmiar: 80D<br \/>\nRozmiar majtek: 38<\/p>\n<p><strong>Passionata by Chantelle<\/strong> to luksusowa francuska marka bielizny damskiej. Adresowana do m\u0142odszej grupy klientek, kt\u00f3re przy wyborze bielizny zwracaj\u0105 uwag\u0119 przede wszystkim na aktualne trendy. To marka, kt\u00f3r\u0105 wyr\u00f3\u017cnia nowoczesno\u015b\u0107, r\u00f3\u017cnorodno\u015b\u0107 i styl.<\/p>\n","protected":false},"excerpt":{"rendered":"<p>Komplet Passionata szaro-czerwony<br \/>\nRozmiar: 80D<br \/>\nRozmiar majtek: 38<\/p>\n","protected":false},"featured_media":7919,"template":"","meta":[],"product_brand":[],"product_cat":[89,94,97,152],"product_tag":[156,147,207,185,179],"class_list":{"0":"post-7918","1":"product","2":"type-product","3":"status-publish","4":"has-post-thumbnail","6":"product_cat-bra","7":"product_cat-figi","8":"product_cat-komplety","9":"product_cat-nieusztywnianie","10":"product_tag-bielizna-dla-siebie","11":"product_tag-bielizna-na-randke","12":"product_tag-biustonosz-siateczka","13":"product_tag-luksusowa-bielizna","14":"product_tag-seksowna-bielizna","16":"first","17":"instock","18":"sale","19":"shipping-taxable","20":"purchasable","21":"product-type-simple"},"_links":{"self":[{"href":"https:\/\/sensuu.pl\/index.php\/wp-json\/wp\/v2\/product\/7918","targetHints":{"allow":["GET"]}}],"collection":[{"href":"https:\/\/sensuu.pl\/index.php\/wp-json\/wp\/v2\/product"}],"about":[{"href":"https:\/\/sensuu.pl\/index.php\/wp-json\/wp\/v2\/types\/product"}],"version-history":[{"count":2,"href":"https:\/\/sensuu.pl\/index.php\/wp-json\/wp\/v2\/product\/7918\/revisions"}],"predecessor-version":[{"id":8486,"href":"https:\/\/sensuu.pl\/index.php\/wp-json\/wp\/v2\/product\/7918\/revisions\/8486"}],"wp:featuredmedia":[{"embeddable":true,"href":"https:\/\/sensuu.pl\/index.php\/wp-json\/wp\/v2\/media\/7919"}],"wp:attachment":[{"href":"https:\/\/sensuu.pl\/index.php\/wp-json\/wp\/v2\/media?parent=7918"}],"wp:term":[{"taxonomy":"product_brand","embeddable":true,"href":"https:\/\/sensuu.pl\/index.php\/wp-json\/wp\/v2\/product_brand?post=7918"},{"taxonomy":"product_cat","embeddable":true,"href":"https:\/\/sensuu.pl\/index.php\/wp-json\/wp\/v2\/product_cat?post=7918"},{"taxonomy":"product_tag","embeddable":true,"href":"https:\/\/sensuu.pl\/index.php\/wp-json\/wp\/v2\/product_tag?post=7918"}],"curies":[{"name":"wp","href":"https:\/\/api.w.org\/{rel}","templated":true}]}}