{"id":7906,"date":"2021-08-05T22:18:02","date_gmt":"2021-08-05T20:18:02","guid":{"rendered":"https:\/\/sensuu.pl\/?post_type=product&#038;p=7906"},"modified":"2021-12-05T21:36:56","modified_gmt":"2021-12-05T20:36:56","slug":"biustonosz-simone-perele-amo-bialy-80e","status":"publish","type":"product","link":"https:\/\/sensuu.pl\/index.php\/produkt\/biustonosz-simone-perele-amo-bialy-80e\/","title":{"rendered":"Biustonosz Simone P\u00e9r\u00e8le AMO Bia\u0142y 80E"},"content":{"rendered":"<p>Biustonosz Simone P\u00e9r\u00e8le AMO Bia\u0142y<br \/>\n13R320<br \/>\nRozmiar: 80E<\/p>\n<p><strong>Simone P\u00e9r\u00e8le<\/strong> to francuska marka ekskluzywnej bielizny, stworzonej z materia\u0142\u00f3w najwy\u017cszej jako\u015bci. Dba\u0142o\u015b\u0107 o szczeg\u00f3\u0142y i jako\u015b w ka\u017cdym detalu to jej znak rozpoznawczy. To marka, kt\u00f3r\u0105 wyr\u00f3\u017cnia zmys\u0142owo\u015b\u0107 i kobieco\u015b\u0107.<\/p>\n","protected":false},"excerpt":{"rendered":"<p>Biustonosz Simone P\u00e9r\u00e8le AMO Bia\u0142y<br \/>\n13R320<br \/>\nRozmiar: 80E<\/p>\n","protected":false},"featured_media":7841,"template":"","meta":[],"product_brand":[],"product_cat":[89,152],"product_tag":[214,236,231,204],"class_list":{"0":"post-7906","1":"product","2":"type-product","3":"status-publish","4":"has-post-thumbnail","6":"product_cat-bra","7":"product_cat-nieusztywnianie","8":"product_tag-biustonosz-na-co-dzien","9":"product_tag-biustonosz-z-koronka","10":"product_tag-ivory-biustonosz","11":"product_tag-komfortowy-biustonosz","13":"first","14":"instock","15":"shipping-taxable","16":"purchasable","17":"product-type-simple"},"_links":{"self":[{"href":"https:\/\/sensuu.pl\/index.php\/wp-json\/wp\/v2\/product\/7906","targetHints":{"allow":["GET"]}}],"collection":[{"href":"https:\/\/sensuu.pl\/index.php\/wp-json\/wp\/v2\/product"}],"about":[{"href":"https:\/\/sensuu.pl\/index.php\/wp-json\/wp\/v2\/types\/product"}],"version-history":[{"count":4,"href":"https:\/\/sensuu.pl\/index.php\/wp-json\/wp\/v2\/product\/7906\/revisions"}],"predecessor-version":[{"id":8608,"href":"https:\/\/sensuu.pl\/index.php\/wp-json\/wp\/v2\/product\/7906\/revisions\/8608"}],"wp:featuredmedia":[{"embeddable":true,"href":"https:\/\/sensuu.pl\/index.php\/wp-json\/wp\/v2\/media\/7841"}],"wp:attachment":[{"href":"https:\/\/sensuu.pl\/index.php\/wp-json\/wp\/v2\/media?parent=7906"}],"wp:term":[{"taxonomy":"product_brand","embeddable":true,"href":"https:\/\/sensuu.pl\/index.php\/wp-json\/wp\/v2\/product_brand?post=7906"},{"taxonomy":"product_cat","embeddable":true,"href":"https:\/\/sensuu.pl\/index.php\/wp-json\/wp\/v2\/product_cat?post=7906"},{"taxonomy":"product_tag","embeddable":true,"href":"https:\/\/sensuu.pl\/index.php\/wp-json\/wp\/v2\/product_tag?post=7906"}],"curies":[{"name":"wp","href":"https:\/\/api.w.org\/{rel}","templated":true}]}}