{"id":7904,"date":"2021-08-05T22:11:41","date_gmt":"2021-08-05T20:11:41","guid":{"rendered":"https:\/\/sensuu.pl\/?post_type=product&#038;p=7904"},"modified":"2021-12-05T21:37:59","modified_gmt":"2021-12-05T20:37:59","slug":"biustonosz-implicite-inf-75d-rozowo-bialy","status":"publish","type":"product","link":"https:\/\/sensuu.pl\/index.php\/produkt\/biustonosz-implicite-inf-75d-rozowo-bialy\/","title":{"rendered":"Biustonosz Implicite INF 75D R\u00f3\u017cowo bia\u0142y"},"content":{"rendered":"<p>Biustonosz Implicite INF 75D R\u00f3\u017cowo bia\u0142y<br \/>\nRozmiar: 75D<\/p>\n<p><strong>Implicite by Simone P\u00e9r\u00e8le<\/strong> to francuska marka ekskluzywnej bielizny, stworzonej z materia\u0142\u00f3w najwy\u017cszej jako\u015bci, zgodnej z najnowszymi trendami w modzie bieli\u017anianej. To marka, kt\u00f3r\u0105 wyr\u00f3\u017cnia nowoczesno\u015b\u0107 i przepi\u0119kna estetyka.<\/p>\n","protected":false},"excerpt":{"rendered":"<p>Biustonosz Implicite INF 75D R\u00f3\u017cowo bia\u0142y<br \/>\nRozmiar: 75D<\/p>\n","protected":false},"featured_media":7855,"template":"","meta":[],"product_brand":[],"product_cat":[89,152],"product_tag":[146,231,155,189],"class_list":{"0":"post-7904","1":"product","2":"type-product","3":"status-publish","4":"has-post-thumbnail","6":"product_cat-bra","7":"product_cat-nieusztywnianie","8":"product_tag-biustonosz-koronkowy","9":"product_tag-ivory-biustonosz","10":"product_tag-modny-biustonosz","11":"product_tag-seksowny-biustonosz","13":"first","14":"instock","15":"shipping-taxable","16":"purchasable","17":"product-type-simple"},"_links":{"self":[{"href":"https:\/\/sensuu.pl\/index.php\/wp-json\/wp\/v2\/product\/7904","targetHints":{"allow":["GET"]}}],"collection":[{"href":"https:\/\/sensuu.pl\/index.php\/wp-json\/wp\/v2\/product"}],"about":[{"href":"https:\/\/sensuu.pl\/index.php\/wp-json\/wp\/v2\/types\/product"}],"version-history":[{"count":3,"href":"https:\/\/sensuu.pl\/index.php\/wp-json\/wp\/v2\/product\/7904\/revisions"}],"predecessor-version":[{"id":8609,"href":"https:\/\/sensuu.pl\/index.php\/wp-json\/wp\/v2\/product\/7904\/revisions\/8609"}],"wp:featuredmedia":[{"embeddable":true,"href":"https:\/\/sensuu.pl\/index.php\/wp-json\/wp\/v2\/media\/7855"}],"wp:attachment":[{"href":"https:\/\/sensuu.pl\/index.php\/wp-json\/wp\/v2\/media?parent=7904"}],"wp:term":[{"taxonomy":"product_brand","embeddable":true,"href":"https:\/\/sensuu.pl\/index.php\/wp-json\/wp\/v2\/product_brand?post=7904"},{"taxonomy":"product_cat","embeddable":true,"href":"https:\/\/sensuu.pl\/index.php\/wp-json\/wp\/v2\/product_cat?post=7904"},{"taxonomy":"product_tag","embeddable":true,"href":"https:\/\/sensuu.pl\/index.php\/wp-json\/wp\/v2\/product_tag?post=7904"}],"curies":[{"name":"wp","href":"https:\/\/api.w.org\/{rel}","templated":true}]}}