{"id":7875,"date":"2021-08-05T21:54:15","date_gmt":"2021-08-05T19:54:15","guid":{"rendered":"https:\/\/sensuu.pl\/?post_type=product&#038;p=7875"},"modified":"2021-12-05T21:40:31","modified_gmt":"2021-12-05T20:40:31","slug":"majtki-simone-perele-amo-nuage-szare-42","status":"publish","type":"product","link":"https:\/\/sensuu.pl\/index.php\/produkt\/majtki-simone-perele-amo-nuage-szare-42\/","title":{"rendered":"Majtki Simone P\u00e9r\u00e8le AMO Nuage Szare 42"},"content":{"rendered":"<p>Majtki Simone P\u00e9r\u00e8le Szare<br \/>\nRozmiar: 42<\/p>\n<p><strong>Simone P\u00e9r\u00e8le<\/strong> to francuska marka ekskluzywnej bielizny, stworzonej z materia\u0142\u00f3w najwy\u017cszej jako\u015bci. Dba\u0142o\u015b\u0107 o szczeg\u00f3\u0142y i jako\u015b w ka\u017cdym detalu to jej znak rozpoznawczy. To marka, kt\u00f3r\u0105 wyr\u00f3\u017cnia zmys\u0142owo\u015b\u0107 i kobieco\u015b\u0107.<\/p>\n","protected":false},"excerpt":{"rendered":"<p>Majtki Simone P\u00e9r\u00e8le Szare<br \/>\nRozmiar: 42<\/p>\n","protected":false},"featured_media":7868,"template":"","meta":[],"product_brand":[],"product_cat":[93,95],"product_tag":[234,230,179,217],"class_list":{"0":"post-7875","1":"product","2":"type-product","3":"status-publish","4":"has-post-thumbnail","6":"product_cat-pants","7":"product_cat-stringi","8":"product_tag-bielizna-z-koronka","9":"product_tag-komfortowa-bielizna","10":"product_tag-seksowna-bielizna","11":"product_tag-stylowa-bielizna","13":"first","14":"instock","15":"sale","16":"shipping-taxable","17":"purchasable","18":"product-type-simple"},"_links":{"self":[{"href":"https:\/\/sensuu.pl\/index.php\/wp-json\/wp\/v2\/product\/7875","targetHints":{"allow":["GET"]}}],"collection":[{"href":"https:\/\/sensuu.pl\/index.php\/wp-json\/wp\/v2\/product"}],"about":[{"href":"https:\/\/sensuu.pl\/index.php\/wp-json\/wp\/v2\/types\/product"}],"version-history":[{"count":2,"href":"https:\/\/sensuu.pl\/index.php\/wp-json\/wp\/v2\/product\/7875\/revisions"}],"predecessor-version":[{"id":8498,"href":"https:\/\/sensuu.pl\/index.php\/wp-json\/wp\/v2\/product\/7875\/revisions\/8498"}],"wp:featuredmedia":[{"embeddable":true,"href":"https:\/\/sensuu.pl\/index.php\/wp-json\/wp\/v2\/media\/7868"}],"wp:attachment":[{"href":"https:\/\/sensuu.pl\/index.php\/wp-json\/wp\/v2\/media?parent=7875"}],"wp:term":[{"taxonomy":"product_brand","embeddable":true,"href":"https:\/\/sensuu.pl\/index.php\/wp-json\/wp\/v2\/product_brand?post=7875"},{"taxonomy":"product_cat","embeddable":true,"href":"https:\/\/sensuu.pl\/index.php\/wp-json\/wp\/v2\/product_cat?post=7875"},{"taxonomy":"product_tag","embeddable":true,"href":"https:\/\/sensuu.pl\/index.php\/wp-json\/wp\/v2\/product_tag?post=7875"}],"curies":[{"name":"wp","href":"https:\/\/api.w.org\/{rel}","templated":true}]}}