{"id":7866,"date":"2021-12-01T20:56:18","date_gmt":"2021-12-01T19:56:18","guid":{"rendered":"https:\/\/sensuu.pl\/?post_type=product&#038;p=7866"},"modified":"2021-12-01T20:56:18","modified_gmt":"2021-12-01T19:56:18","slug":"majtki-simone-perele-fioletowe-42","status":"publish","type":"product","link":"https:\/\/sensuu.pl\/index.php\/produkt\/majtki-simone-perele-fioletowe-42\/","title":{"rendered":"Majtki Simone P\u00e9r\u00e8le Fioletowe 42"},"content":{"rendered":"<p>Majtki Simone P\u00e9r\u00e8le Fioletowe<br \/>\nRozmiar: 42<\/p>\n<p><strong>Simone P\u00e9r\u00e8le<\/strong> to francuska marka ekskluzywnej bielizny, stworzonej z materia\u0142\u00f3w najwy\u017cszej jako\u015bci. Dba\u0142o\u015b\u0107 o szczeg\u00f3\u0142y i jako\u015b w ka\u017cdym detalu to jej znak rozpoznawczy. To marka, kt\u00f3r\u0105 wyr\u00f3\u017cnia zmys\u0142owo\u015b\u0107 i kobieco\u015b\u0107.<\/p>\n","protected":false},"excerpt":{"rendered":"<p>Majtki Simone P\u00e9r\u00e8le Fioletowe<br \/>\nRozmiar: 42<\/p>\n","protected":false},"featured_media":7854,"template":"","meta":[],"product_brand":[],"product_cat":[93,95],"product_tag":[229,136,230,241],"class_list":{"0":"post-7866","1":"product","2":"type-product","3":"status-publish","4":"has-post-thumbnail","6":"product_cat-pants","7":"product_cat-stringi","8":"product_tag-bielizna-na-co-dzien","9":"product_tag-francuska-bielizna","10":"product_tag-komfortowa-bielizna","11":"product_tag-stringi","13":"first","14":"instock","15":"shipping-taxable","16":"purchasable","17":"product-type-simple"},"_links":{"self":[{"href":"https:\/\/sensuu.pl\/index.php\/wp-json\/wp\/v2\/product\/7866","targetHints":{"allow":["GET"]}}],"collection":[{"href":"https:\/\/sensuu.pl\/index.php\/wp-json\/wp\/v2\/product"}],"about":[{"href":"https:\/\/sensuu.pl\/index.php\/wp-json\/wp\/v2\/types\/product"}],"version-history":[{"count":3,"href":"https:\/\/sensuu.pl\/index.php\/wp-json\/wp\/v2\/product\/7866\/revisions"}],"predecessor-version":[{"id":8578,"href":"https:\/\/sensuu.pl\/index.php\/wp-json\/wp\/v2\/product\/7866\/revisions\/8578"}],"wp:featuredmedia":[{"embeddable":true,"href":"https:\/\/sensuu.pl\/index.php\/wp-json\/wp\/v2\/media\/7854"}],"wp:attachment":[{"href":"https:\/\/sensuu.pl\/index.php\/wp-json\/wp\/v2\/media?parent=7866"}],"wp:term":[{"taxonomy":"product_brand","embeddable":true,"href":"https:\/\/sensuu.pl\/index.php\/wp-json\/wp\/v2\/product_brand?post=7866"},{"taxonomy":"product_cat","embeddable":true,"href":"https:\/\/sensuu.pl\/index.php\/wp-json\/wp\/v2\/product_cat?post=7866"},{"taxonomy":"product_tag","embeddable":true,"href":"https:\/\/sensuu.pl\/index.php\/wp-json\/wp\/v2\/product_tag?post=7866"}],"curies":[{"name":"wp","href":"https:\/\/api.w.org\/{rel}","templated":true}]}}