{"id":7840,"date":"2021-12-01T20:58:39","date_gmt":"2021-12-01T19:58:39","guid":{"rendered":"https:\/\/sensuu.pl\/?post_type=product&#038;p=7840"},"modified":"2021-12-01T20:58:39","modified_gmt":"2021-12-01T19:58:39","slug":"biustonosz-implicite-talisman-85d-kosc-sloniowa","status":"publish","type":"product","link":"https:\/\/sensuu.pl\/index.php\/produkt\/biustonosz-implicite-talisman-85d-kosc-sloniowa\/","title":{"rendered":"Biustonosz Implicite Talisman 85D Ko\u015b\u0107 s\u0142oniowa"},"content":{"rendered":"<p>Biustonosz Implicite Talisman Ko\u015b\u0107 s\u0142oniowa<br \/>\nRozmiar: 85D<\/p>\n<p><strong>Implicite by Simone P\u00e9r\u00e8le<\/strong> to francuska marka ekskluzywnej bielizny, stworzonej z materia\u0142\u00f3w najwy\u017cszej jako\u015bci, zgodnej z najnowszymi trendami w modzie bieli\u017anianej. To marka, kt\u00f3r\u0105 wyr\u00f3\u017cnia nowoczesno\u015b\u0107 i przepi\u0119kna estetyka.<\/p>\n","protected":false},"excerpt":{"rendered":"<p>Biustonosz Implicite Talisman Ko\u015b\u0107 s\u0142oniowa<br \/>\nRozmiar: 85D<\/p>\n","protected":false},"featured_media":7880,"template":"","meta":[],"product_brand":[],"product_cat":[154,89,152],"product_tag":[207,213,204,189,217],"class_list":{"0":"post-7840","1":"product","2":"type-product","3":"status-publish","4":"has-post-thumbnail","6":"product_cat-bardotki","7":"product_cat-bra","8":"product_cat-nieusztywnianie","9":"product_tag-biustonosz-siateczka","10":"product_tag-cielisty-biustonosz","11":"product_tag-komfortowy-biustonosz","12":"product_tag-seksowny-biustonosz","13":"product_tag-stylowa-bielizna","15":"first","16":"instock","17":"shipping-taxable","18":"purchasable","19":"product-type-simple"},"_links":{"self":[{"href":"https:\/\/sensuu.pl\/index.php\/wp-json\/wp\/v2\/product\/7840","targetHints":{"allow":["GET"]}}],"collection":[{"href":"https:\/\/sensuu.pl\/index.php\/wp-json\/wp\/v2\/product"}],"about":[{"href":"https:\/\/sensuu.pl\/index.php\/wp-json\/wp\/v2\/types\/product"}],"version-history":[{"count":3,"href":"https:\/\/sensuu.pl\/index.php\/wp-json\/wp\/v2\/product\/7840\/revisions"}],"predecessor-version":[{"id":8579,"href":"https:\/\/sensuu.pl\/index.php\/wp-json\/wp\/v2\/product\/7840\/revisions\/8579"}],"wp:featuredmedia":[{"embeddable":true,"href":"https:\/\/sensuu.pl\/index.php\/wp-json\/wp\/v2\/media\/7880"}],"wp:attachment":[{"href":"https:\/\/sensuu.pl\/index.php\/wp-json\/wp\/v2\/media?parent=7840"}],"wp:term":[{"taxonomy":"product_brand","embeddable":true,"href":"https:\/\/sensuu.pl\/index.php\/wp-json\/wp\/v2\/product_brand?post=7840"},{"taxonomy":"product_cat","embeddable":true,"href":"https:\/\/sensuu.pl\/index.php\/wp-json\/wp\/v2\/product_cat?post=7840"},{"taxonomy":"product_tag","embeddable":true,"href":"https:\/\/sensuu.pl\/index.php\/wp-json\/wp\/v2\/product_tag?post=7840"}],"curies":[{"name":"wp","href":"https:\/\/api.w.org\/{rel}","templated":true}]}}