{"id":7836,"date":"2021-12-01T20:28:38","date_gmt":"2021-12-01T19:28:38","guid":{"rendered":"https:\/\/sensuu.pl\/?post_type=product&#038;p=7836"},"modified":"2021-12-01T20:28:38","modified_gmt":"2021-12-01T19:28:38","slug":"komplet-implicite-cap-rozowy-75c-majtki-rozmiar-44","status":"publish","type":"product","link":"https:\/\/sensuu.pl\/index.php\/produkt\/komplet-implicite-cap-rozowy-75c-majtki-rozmiar-44\/","title":{"rendered":"Komplet Implicite CAP R\u00f3\u017cowy 75C Majtki rozmiar 44"},"content":{"rendered":"<p>Komplet Implicite CAP R\u00f3\u017cowy<br \/>\nRozmiar biustonosza: 75C<br \/>\nMajtki rozmiar: 44<\/p>\n<p><strong>Implicite by Simone P\u00e9r\u00e8le<\/strong> to francuska marka ekskluzywnej bielizny, stworzonej z materia\u0142\u00f3w najwy\u017cszej jako\u015bci, zgodnej z najnowszymi trendami w modzie bieli\u017anianej. To marka, kt\u00f3r\u0105 wyr\u00f3\u017cnia nowoczesno\u015b\u0107 i przepi\u0119kna estetyka.<\/p>\n","protected":false},"excerpt":{"rendered":"<p>Komplet Implicite CAP R\u00f3\u017cowy<br \/>\nRozmiar biustonosza: 75C<br \/>\nMajtki rozmiar: 44<\/p>\n","protected":false},"featured_media":7819,"template":"","meta":[],"product_brand":[],"product_cat":[89,94,90,93,153,91],"product_tag":[142,147,169,167,179,223],"class_list":{"0":"post-7836","1":"product","2":"type-product","3":"status-publish","4":"has-post-thumbnail","6":"product_cat-bra","7":"product_cat-figi","8":"product_cat-koronkowe","9":"product_cat-pants","10":"product_cat-push-up","11":"product_cat-usztywniane","12":"product_tag-bielizna-koronkowa","13":"product_tag-bielizna-na-randke","14":"product_tag-komplet-bielizny","15":"product_tag-kuszaca-bielizna","16":"product_tag-seksowna-bielizna","17":"product_tag-wygodna-bielizna","19":"first","20":"instock","21":"shipping-taxable","22":"purchasable","23":"product-type-simple"},"_links":{"self":[{"href":"https:\/\/sensuu.pl\/index.php\/wp-json\/wp\/v2\/product\/7836","targetHints":{"allow":["GET"]}}],"collection":[{"href":"https:\/\/sensuu.pl\/index.php\/wp-json\/wp\/v2\/product"}],"about":[{"href":"https:\/\/sensuu.pl\/index.php\/wp-json\/wp\/v2\/types\/product"}],"version-history":[{"count":3,"href":"https:\/\/sensuu.pl\/index.php\/wp-json\/wp\/v2\/product\/7836\/revisions"}],"predecessor-version":[{"id":8572,"href":"https:\/\/sensuu.pl\/index.php\/wp-json\/wp\/v2\/product\/7836\/revisions\/8572"}],"wp:featuredmedia":[{"embeddable":true,"href":"https:\/\/sensuu.pl\/index.php\/wp-json\/wp\/v2\/media\/7819"}],"wp:attachment":[{"href":"https:\/\/sensuu.pl\/index.php\/wp-json\/wp\/v2\/media?parent=7836"}],"wp:term":[{"taxonomy":"product_brand","embeddable":true,"href":"https:\/\/sensuu.pl\/index.php\/wp-json\/wp\/v2\/product_brand?post=7836"},{"taxonomy":"product_cat","embeddable":true,"href":"https:\/\/sensuu.pl\/index.php\/wp-json\/wp\/v2\/product_cat?post=7836"},{"taxonomy":"product_tag","embeddable":true,"href":"https:\/\/sensuu.pl\/index.php\/wp-json\/wp\/v2\/product_tag?post=7836"}],"curies":[{"name":"wp","href":"https:\/\/api.w.org\/{rel}","templated":true}]}}