{"id":7830,"date":"2021-08-05T21:02:32","date_gmt":"2021-08-05T19:02:32","guid":{"rendered":"https:\/\/sensuu.pl\/?post_type=product&#038;p=7830"},"modified":"2021-12-05T21:44:28","modified_gmt":"2021-12-05T20:44:28","slug":"majtki-implicite-nectar-czerwone-44","status":"publish","type":"product","link":"https:\/\/sensuu.pl\/index.php\/produkt\/majtki-implicite-nectar-czerwone-44\/","title":{"rendered":"Majtki Implicite Nectar czerwone 44"},"content":{"rendered":"<p>Majtki Implicite Nectar czerwone<br \/>\nRozmiar: 44<\/p>\n<p><strong>Implicite by Simone P\u00e9r\u00e8le<\/strong> to francuska marka ekskluzywnej bielizny, stworzonej z materia\u0142\u00f3w najwy\u017cszej jako\u015bci, zgodnej z najnowszymi trendami w modzie bieli\u017anianej. To marka, kt\u00f3r\u0105 wyr\u00f3\u017cnia nowoczesno\u015b\u0107 i przepi\u0119kna estetyka.<\/p>\n","protected":false},"excerpt":{"rendered":"<p>Majtki Implicite Nectar czerwone<br \/>\nRozmiar: 44<\/p>\n","protected":false},"featured_media":7813,"template":"","meta":[],"product_brand":[],"product_cat":[197,93],"product_tag":[142,230,179],"class_list":{"0":"post-7830","1":"product","2":"type-product","3":"status-publish","4":"has-post-thumbnail","6":"product_cat-brazyliany","7":"product_cat-pants","8":"product_tag-bielizna-koronkowa","9":"product_tag-komfortowa-bielizna","10":"product_tag-seksowna-bielizna","12":"first","13":"instock","14":"shipping-taxable","15":"purchasable","16":"product-type-simple"},"_links":{"self":[{"href":"https:\/\/sensuu.pl\/index.php\/wp-json\/wp\/v2\/product\/7830","targetHints":{"allow":["GET"]}}],"collection":[{"href":"https:\/\/sensuu.pl\/index.php\/wp-json\/wp\/v2\/product"}],"about":[{"href":"https:\/\/sensuu.pl\/index.php\/wp-json\/wp\/v2\/types\/product"}],"version-history":[{"count":4,"href":"https:\/\/sensuu.pl\/index.php\/wp-json\/wp\/v2\/product\/7830\/revisions"}],"predecessor-version":[{"id":8612,"href":"https:\/\/sensuu.pl\/index.php\/wp-json\/wp\/v2\/product\/7830\/revisions\/8612"}],"wp:featuredmedia":[{"embeddable":true,"href":"https:\/\/sensuu.pl\/index.php\/wp-json\/wp\/v2\/media\/7813"}],"wp:attachment":[{"href":"https:\/\/sensuu.pl\/index.php\/wp-json\/wp\/v2\/media?parent=7830"}],"wp:term":[{"taxonomy":"product_brand","embeddable":true,"href":"https:\/\/sensuu.pl\/index.php\/wp-json\/wp\/v2\/product_brand?post=7830"},{"taxonomy":"product_cat","embeddable":true,"href":"https:\/\/sensuu.pl\/index.php\/wp-json\/wp\/v2\/product_cat?post=7830"},{"taxonomy":"product_tag","embeddable":true,"href":"https:\/\/sensuu.pl\/index.php\/wp-json\/wp\/v2\/product_tag?post=7830"}],"curies":[{"name":"wp","href":"https:\/\/api.w.org\/{rel}","templated":true}]}}