{"id":7811,"date":"2021-12-01T20:22:01","date_gmt":"2021-12-01T19:22:01","guid":{"rendered":"https:\/\/sensuu.pl\/?post_type=product&#038;p=7811"},"modified":"2021-12-01T20:22:01","modified_gmt":"2021-12-01T19:22:01","slug":"majtki-panache-tango-brief-czerwone-rozm-38-40","status":"publish","type":"product","link":"https:\/\/sensuu.pl\/index.php\/produkt\/majtki-panache-tango-brief-czerwone-rozm-38-40\/","title":{"rendered":"Majtki Panache Tango Brief Czerwone rozm. 38-40"},"content":{"rendered":"<p>Majtki Panache Tango Brief Czerwone<br \/>\nRozmiar: 38-40<\/p>\n<p><strong>Panache<\/strong> to marka stworzona dla zapewnienia komfortu biustom w ka\u017cdym rozmiarze, si\u0119gaj\u0105cym nawet do rozmiaru K. To produkty wysokiej jako\u015bci i zapewniaj\u0105ce odpowiednie wsparcie. To marka, kt\u00f3r\u0105 wyr\u00f3\u017cnia luksus, komfort i elegancja.<\/p>\n","protected":false},"excerpt":{"rendered":"<p>Majtki Panache Tango Brief Czerwone<br \/>\nRozmiar: 38-40<\/p>\n","protected":false},"featured_media":7800,"template":"","meta":[],"product_brand":[],"product_cat":[94,93],"product_tag":[229,191,240,230,187,223],"class_list":{"0":"post-7811","1":"product","2":"type-product","3":"status-publish","4":"has-post-thumbnail","6":"product_cat-figi","7":"product_cat-pants","8":"product_tag-bielizna-na-co-dzien","9":"product_tag-czerwona-bielizna","10":"product_tag-figi","11":"product_tag-komfortowa-bielizna","12":"product_tag-panache","13":"product_tag-wygodna-bielizna","15":"first","16":"instock","17":"sale","18":"shipping-taxable","19":"purchasable","20":"product-type-simple"},"_links":{"self":[{"href":"https:\/\/sensuu.pl\/index.php\/wp-json\/wp\/v2\/product\/7811","targetHints":{"allow":["GET"]}}],"collection":[{"href":"https:\/\/sensuu.pl\/index.php\/wp-json\/wp\/v2\/product"}],"about":[{"href":"https:\/\/sensuu.pl\/index.php\/wp-json\/wp\/v2\/types\/product"}],"version-history":[{"count":3,"href":"https:\/\/sensuu.pl\/index.php\/wp-json\/wp\/v2\/product\/7811\/revisions"}],"predecessor-version":[{"id":8570,"href":"https:\/\/sensuu.pl\/index.php\/wp-json\/wp\/v2\/product\/7811\/revisions\/8570"}],"wp:featuredmedia":[{"embeddable":true,"href":"https:\/\/sensuu.pl\/index.php\/wp-json\/wp\/v2\/media\/7800"}],"wp:attachment":[{"href":"https:\/\/sensuu.pl\/index.php\/wp-json\/wp\/v2\/media?parent=7811"}],"wp:term":[{"taxonomy":"product_brand","embeddable":true,"href":"https:\/\/sensuu.pl\/index.php\/wp-json\/wp\/v2\/product_brand?post=7811"},{"taxonomy":"product_cat","embeddable":true,"href":"https:\/\/sensuu.pl\/index.php\/wp-json\/wp\/v2\/product_cat?post=7811"},{"taxonomy":"product_tag","embeddable":true,"href":"https:\/\/sensuu.pl\/index.php\/wp-json\/wp\/v2\/product_tag?post=7811"}],"curies":[{"name":"wp","href":"https:\/\/api.w.org\/{rel}","templated":true}]}}