{"id":7785,"date":"2021-12-01T20:47:43","date_gmt":"2021-12-01T19:47:43","guid":{"rendered":"https:\/\/sensuu.pl\/?post_type=product&#038;p=7785"},"modified":"2021-12-01T20:47:43","modified_gmt":"2021-12-01T19:47:43","slug":"biustonosz-simone-perele-revelation-czerwony-70e","status":"publish","type":"product","link":"https:\/\/sensuu.pl\/index.php\/produkt\/biustonosz-simone-perele-revelation-czerwony-70e\/","title":{"rendered":"Biustonosz Simone P\u00e9r\u00e8le Revelation Czerwony 70E"},"content":{"rendered":"<p>Biustonosz Simone P\u00e9r\u00e8le Revelation Czerwony<br \/>\nRozmiar 70E<\/p>\n<p><strong>Simone P\u00e9r\u00e8le<\/strong> to francuska marka ekskluzywnej bielizny, stworzonej z materia\u0142\u00f3w najwy\u017cszej jako\u015bci. Dba\u0142o\u015b\u0107 o szczeg\u00f3\u0142y i jako\u015b w ka\u017cdym detalu to jej znak rozpoznawczy. To marka, kt\u00f3r\u0105 wyr\u00f3\u017cnia zmys\u0142owo\u015b\u0107 i kobieco\u015b\u0107.<\/p>\n","protected":false},"excerpt":{"rendered":"<p>Biustonosz Simone P\u00e9r\u00e8le Revelation Czerwony<br \/>\nRozmiar 70E<\/p>\n","protected":false},"featured_media":7786,"template":"","meta":[],"product_brand":[],"product_cat":[89,90,152],"product_tag":[146,209,173,219,189],"class_list":{"0":"post-7785","1":"product","2":"type-product","3":"status-publish","4":"has-post-thumbnail","6":"product_cat-bra","7":"product_cat-koronkowe","8":"product_cat-nieusztywnianie","9":"product_tag-biustonosz-koronkowy","10":"product_tag-ekstrawagancki-biustonosz","11":"product_tag-koronkowy-biustonosz","12":"product_tag-luksuowy-biustonosz","13":"product_tag-seksowny-biustonosz","15":"first","16":"instock","17":"sale","18":"shipping-taxable","19":"purchasable","20":"product-type-simple"},"_links":{"self":[{"href":"https:\/\/sensuu.pl\/index.php\/wp-json\/wp\/v2\/product\/7785","targetHints":{"allow":["GET"]}}],"collection":[{"href":"https:\/\/sensuu.pl\/index.php\/wp-json\/wp\/v2\/product"}],"about":[{"href":"https:\/\/sensuu.pl\/index.php\/wp-json\/wp\/v2\/types\/product"}],"version-history":[{"count":3,"href":"https:\/\/sensuu.pl\/index.php\/wp-json\/wp\/v2\/product\/7785\/revisions"}],"predecessor-version":[{"id":8575,"href":"https:\/\/sensuu.pl\/index.php\/wp-json\/wp\/v2\/product\/7785\/revisions\/8575"}],"wp:featuredmedia":[{"embeddable":true,"href":"https:\/\/sensuu.pl\/index.php\/wp-json\/wp\/v2\/media\/7786"}],"wp:attachment":[{"href":"https:\/\/sensuu.pl\/index.php\/wp-json\/wp\/v2\/media?parent=7785"}],"wp:term":[{"taxonomy":"product_brand","embeddable":true,"href":"https:\/\/sensuu.pl\/index.php\/wp-json\/wp\/v2\/product_brand?post=7785"},{"taxonomy":"product_cat","embeddable":true,"href":"https:\/\/sensuu.pl\/index.php\/wp-json\/wp\/v2\/product_cat?post=7785"},{"taxonomy":"product_tag","embeddable":true,"href":"https:\/\/sensuu.pl\/index.php\/wp-json\/wp\/v2\/product_tag?post=7785"}],"curies":[{"name":"wp","href":"https:\/\/api.w.org\/{rel}","templated":true}]}}