{"id":7780,"date":"2021-12-01T20:10:43","date_gmt":"2021-12-01T19:10:43","guid":{"rendered":"https:\/\/sensuu.pl\/?post_type=product&#038;p=7780"},"modified":"2021-12-01T20:10:43","modified_gmt":"2021-12-01T19:10:43","slug":"biustonosz-panache-sasha-plunge-soft-pink-80f","status":"publish","type":"product","link":"https:\/\/sensuu.pl\/index.php\/produkt\/biustonosz-panache-sasha-plunge-soft-pink-80f\/","title":{"rendered":"Biustonosz Panache Sasha Plunge Soft Pink 80F"},"content":{"rendered":"<p>Biustonosz Panache Sasha Plunge Soft Pink<br \/>\nRozmiar: 80F<\/p>\n<p><strong>Panache<\/strong> to marka stworzona dla zapewnienia komfortu biustom w ka\u017cdym rozmiarze, si\u0119gaj\u0105cym nawet do rozmiaru K. To produkty wysokiej jako\u015bci i zapewniaj\u0105ce odpowiednie wsparcie. To marka, kt\u00f3r\u0105 wyr\u00f3\u017cnia luksus, komfort i elegancja.<\/p>\n","protected":false},"excerpt":{"rendered":"<p>Biustonosz Panache Sasha Plunge Soft Pink<br \/>\nRozmiar: 80F<\/p>\n","protected":false},"featured_media":7779,"template":"","meta":[],"product_brand":[],"product_cat":[89,92,91],"product_tag":[211,214,213,204,187,203],"class_list":{"0":"post-7780","1":"product","2":"type-product","3":"status-publish","4":"has-post-thumbnail","6":"product_cat-bra","7":"product_cat-spacer","8":"product_cat-usztywniane","9":"product_tag-biustonosz-comfort","10":"product_tag-biustonosz-na-co-dzien","11":"product_tag-cielisty-biustonosz","12":"product_tag-komfortowy-biustonosz","13":"product_tag-panache","14":"product_tag-wygodny-biustonosz","16":"first","17":"instock","18":"sale","19":"shipping-taxable","20":"purchasable","21":"product-type-simple"},"_links":{"self":[{"href":"https:\/\/sensuu.pl\/index.php\/wp-json\/wp\/v2\/product\/7780","targetHints":{"allow":["GET"]}}],"collection":[{"href":"https:\/\/sensuu.pl\/index.php\/wp-json\/wp\/v2\/product"}],"about":[{"href":"https:\/\/sensuu.pl\/index.php\/wp-json\/wp\/v2\/types\/product"}],"version-history":[{"count":3,"href":"https:\/\/sensuu.pl\/index.php\/wp-json\/wp\/v2\/product\/7780\/revisions"}],"predecessor-version":[{"id":8569,"href":"https:\/\/sensuu.pl\/index.php\/wp-json\/wp\/v2\/product\/7780\/revisions\/8569"}],"wp:featuredmedia":[{"embeddable":true,"href":"https:\/\/sensuu.pl\/index.php\/wp-json\/wp\/v2\/media\/7779"}],"wp:attachment":[{"href":"https:\/\/sensuu.pl\/index.php\/wp-json\/wp\/v2\/media?parent=7780"}],"wp:term":[{"taxonomy":"product_brand","embeddable":true,"href":"https:\/\/sensuu.pl\/index.php\/wp-json\/wp\/v2\/product_brand?post=7780"},{"taxonomy":"product_cat","embeddable":true,"href":"https:\/\/sensuu.pl\/index.php\/wp-json\/wp\/v2\/product_cat?post=7780"},{"taxonomy":"product_tag","embeddable":true,"href":"https:\/\/sensuu.pl\/index.php\/wp-json\/wp\/v2\/product_tag?post=7780"}],"curies":[{"name":"wp","href":"https:\/\/api.w.org\/{rel}","templated":true}]}}