{"id":7766,"date":"2021-12-01T20:32:18","date_gmt":"2021-12-01T19:32:18","guid":{"rendered":"https:\/\/sensuu.pl\/?post_type=product&#038;p=7766"},"modified":"2021-12-01T20:32:18","modified_gmt":"2021-12-01T19:32:18","slug":"biustonosz-simone-perele-ete-bialy-75d","status":"publish","type":"product","link":"https:\/\/sensuu.pl\/index.php\/produkt\/biustonosz-simone-perele-ete-bialy-75d\/","title":{"rendered":"Biustonosz Simone P\u00e9r\u00e8le ETE Bia\u0142y 75D"},"content":{"rendered":"<p>Biustonosz Simone P\u00e9r\u00e8le ETE Bia\u0142y<br \/>\nRozmiar 75D<\/p>\n<p><strong>Simone P\u00e9r\u00e8le<\/strong> to francuska marka ekskluzywnej bielizny, stworzonej z materia\u0142\u00f3w najwy\u017cszej jako\u015bci. Dba\u0142o\u015b\u0107 o szczeg\u00f3\u0142y i jako\u015b w ka\u017cdym detalu to jej znak rozpoznawczy. To marka, kt\u00f3r\u0105 wyr\u00f3\u017cnia zmys\u0142owo\u015b\u0107 i kobieco\u015b\u0107.<\/p>\n","protected":false},"excerpt":{"rendered":"<p>Biustonosz Simone P\u00e9r\u00e8le ETE Bia\u0142y<br \/>\nRozmiar 75D<\/p>\n","protected":false},"featured_media":7769,"template":"","meta":[],"product_brand":[],"product_cat":[89,152],"product_tag":[229,211,230,204,185],"class_list":{"0":"post-7766","1":"product","2":"type-product","3":"status-publish","4":"has-post-thumbnail","6":"product_cat-bra","7":"product_cat-nieusztywnianie","8":"product_tag-bielizna-na-co-dzien","9":"product_tag-biustonosz-comfort","10":"product_tag-komfortowa-bielizna","11":"product_tag-komfortowy-biustonosz","12":"product_tag-luksusowa-bielizna","14":"first","15":"instock","16":"shipping-taxable","17":"purchasable","18":"product-type-simple"},"_links":{"self":[{"href":"https:\/\/sensuu.pl\/index.php\/wp-json\/wp\/v2\/product\/7766","targetHints":{"allow":["GET"]}}],"collection":[{"href":"https:\/\/sensuu.pl\/index.php\/wp-json\/wp\/v2\/product"}],"about":[{"href":"https:\/\/sensuu.pl\/index.php\/wp-json\/wp\/v2\/types\/product"}],"version-history":[{"count":3,"href":"https:\/\/sensuu.pl\/index.php\/wp-json\/wp\/v2\/product\/7766\/revisions"}],"predecessor-version":[{"id":8573,"href":"https:\/\/sensuu.pl\/index.php\/wp-json\/wp\/v2\/product\/7766\/revisions\/8573"}],"wp:featuredmedia":[{"embeddable":true,"href":"https:\/\/sensuu.pl\/index.php\/wp-json\/wp\/v2\/media\/7769"}],"wp:attachment":[{"href":"https:\/\/sensuu.pl\/index.php\/wp-json\/wp\/v2\/media?parent=7766"}],"wp:term":[{"taxonomy":"product_brand","embeddable":true,"href":"https:\/\/sensuu.pl\/index.php\/wp-json\/wp\/v2\/product_brand?post=7766"},{"taxonomy":"product_cat","embeddable":true,"href":"https:\/\/sensuu.pl\/index.php\/wp-json\/wp\/v2\/product_cat?post=7766"},{"taxonomy":"product_tag","embeddable":true,"href":"https:\/\/sensuu.pl\/index.php\/wp-json\/wp\/v2\/product_tag?post=7766"}],"curies":[{"name":"wp","href":"https:\/\/api.w.org\/{rel}","templated":true}]}}