{"id":7755,"date":"2021-12-01T19:58:40","date_gmt":"2021-12-01T18:58:40","guid":{"rendered":"https:\/\/sensuu.pl\/?post_type=product&#038;p=7755"},"modified":"2022-01-13T20:21:43","modified_gmt":"2022-01-13T19:21:43","slug":"biustonosz-vanity-fair-095-brume-fioletowy-75d","status":"publish","type":"product","link":"https:\/\/sensuu.pl\/index.php\/produkt\/biustonosz-vanity-fair-095-brume-fioletowy-75d\/","title":{"rendered":"Biustonosz Vanity Fair 095 BRUME Fioletowy 75D"},"content":{"rendered":"<p>Biustonosz Vanity Fair 095 BRUME Fioletowy<br \/>\nRozmiar: 75D<\/p>\n<p><strong>Vanity Fair <\/strong>ameryka\u0144ska marka bielizny damskiej, charakteryzuje si\u0119 szerokim wachlarzem wzor\u00f3w oraz rozmiar\u00f3w. Oferuje biustonosze codzienne, specjalne, komfortowe i sportowe w neutralnych oraz modnych kolorach. To marka, kt\u00f3r\u0105 wyr\u00f3\u017cnia r\u00f3\u017cnorodno\u015b\u0107 i komfort.<\/p>\n","protected":false},"excerpt":{"rendered":"<p>Biustonosz Vanity 095 BRUME Fioletowy<br \/>\nRozmiar: 75D<\/p>\n","protected":false},"featured_media":7758,"template":"","meta":[],"product_brand":[],"product_cat":[89,90,152],"product_tag":[211,214,207,239],"class_list":{"0":"post-7755","1":"product","2":"type-product","3":"status-publish","4":"has-post-thumbnail","6":"product_cat-bra","7":"product_cat-koronkowe","8":"product_cat-nieusztywnianie","9":"product_tag-biustonosz-comfort","10":"product_tag-biustonosz-na-co-dzien","11":"product_tag-biustonosz-siateczka","12":"product_tag-vanity-fair","14":"first","15":"instock","16":"sale","17":"shipping-taxable","18":"purchasable","19":"product-type-simple"},"_links":{"self":[{"href":"https:\/\/sensuu.pl\/index.php\/wp-json\/wp\/v2\/product\/7755","targetHints":{"allow":["GET"]}}],"collection":[{"href":"https:\/\/sensuu.pl\/index.php\/wp-json\/wp\/v2\/product"}],"about":[{"href":"https:\/\/sensuu.pl\/index.php\/wp-json\/wp\/v2\/types\/product"}],"version-history":[{"count":3,"href":"https:\/\/sensuu.pl\/index.php\/wp-json\/wp\/v2\/product\/7755\/revisions"}],"predecessor-version":[{"id":8568,"href":"https:\/\/sensuu.pl\/index.php\/wp-json\/wp\/v2\/product\/7755\/revisions\/8568"}],"wp:featuredmedia":[{"embeddable":true,"href":"https:\/\/sensuu.pl\/index.php\/wp-json\/wp\/v2\/media\/7758"}],"wp:attachment":[{"href":"https:\/\/sensuu.pl\/index.php\/wp-json\/wp\/v2\/media?parent=7755"}],"wp:term":[{"taxonomy":"product_brand","embeddable":true,"href":"https:\/\/sensuu.pl\/index.php\/wp-json\/wp\/v2\/product_brand?post=7755"},{"taxonomy":"product_cat","embeddable":true,"href":"https:\/\/sensuu.pl\/index.php\/wp-json\/wp\/v2\/product_cat?post=7755"},{"taxonomy":"product_tag","embeddable":true,"href":"https:\/\/sensuu.pl\/index.php\/wp-json\/wp\/v2\/product_tag?post=7755"}],"curies":[{"name":"wp","href":"https:\/\/api.w.org\/{rel}","templated":true}]}}