{"id":7744,"date":"2021-12-01T19:48:10","date_gmt":"2021-12-01T18:48:10","guid":{"rendered":"https:\/\/sensuu.pl\/?post_type=product&#038;p=7744"},"modified":"2021-12-01T19:48:10","modified_gmt":"2021-12-01T18:48:10","slug":"majtki-simone-perele-div-rozmiar-5-44","status":"publish","type":"product","link":"https:\/\/sensuu.pl\/index.php\/produkt\/majtki-simone-perele-div-rozmiar-5-44\/","title":{"rendered":"Majtki Simone P\u00e9r\u00e8le DIV Rozmiar 5 (44)"},"content":{"rendered":"<p>Majtki Simone P\u00e9r\u00e8le DIV<br \/>\nRozmiar 5 (44)<br \/>\n15P630<\/p>\n<p><strong>Simone P\u00e9r\u00e8le<\/strong> to francuska marka ekskluzywnej bielizny, stworzonej z materia\u0142\u00f3w najwy\u017cszej jako\u015bci. Dba\u0142o\u015b\u0107 o szczeg\u00f3\u0142y i jako\u015b w ka\u017cdym detalu to jej znak rozpoznawczy. To marka, kt\u00f3r\u0105 wyr\u00f3\u017cnia zmys\u0142owo\u015b\u0107 i kobieco\u015b\u0107.<\/p>\n","protected":false},"excerpt":{"rendered":"<p>Majtki Simone P\u00e9r\u00e8le DIV<br \/>\nRozmiar 5 (44)<br \/>\n15P630<\/p>\n","protected":false},"featured_media":7747,"template":"","meta":[],"product_brand":[],"product_cat":[94,93],"product_tag":[234,233,235,227],"class_list":{"0":"post-7744","1":"product","2":"type-product","3":"status-publish","4":"has-post-thumbnail","6":"product_cat-figi","7":"product_cat-pants","8":"product_tag-bielizna-z-koronka","9":"product_tag-brazyliany","10":"product_tag-czarna-bielizna","11":"product_tag-szykowna-bielizna","13":"first","14":"instock","15":"sale","16":"shipping-taxable","17":"purchasable","18":"product-type-simple"},"_links":{"self":[{"href":"https:\/\/sensuu.pl\/index.php\/wp-json\/wp\/v2\/product\/7744","targetHints":{"allow":["GET"]}}],"collection":[{"href":"https:\/\/sensuu.pl\/index.php\/wp-json\/wp\/v2\/product"}],"about":[{"href":"https:\/\/sensuu.pl\/index.php\/wp-json\/wp\/v2\/types\/product"}],"version-history":[{"count":3,"href":"https:\/\/sensuu.pl\/index.php\/wp-json\/wp\/v2\/product\/7744\/revisions"}],"predecessor-version":[{"id":8565,"href":"https:\/\/sensuu.pl\/index.php\/wp-json\/wp\/v2\/product\/7744\/revisions\/8565"}],"wp:featuredmedia":[{"embeddable":true,"href":"https:\/\/sensuu.pl\/index.php\/wp-json\/wp\/v2\/media\/7747"}],"wp:attachment":[{"href":"https:\/\/sensuu.pl\/index.php\/wp-json\/wp\/v2\/media?parent=7744"}],"wp:term":[{"taxonomy":"product_brand","embeddable":true,"href":"https:\/\/sensuu.pl\/index.php\/wp-json\/wp\/v2\/product_brand?post=7744"},{"taxonomy":"product_cat","embeddable":true,"href":"https:\/\/sensuu.pl\/index.php\/wp-json\/wp\/v2\/product_cat?post=7744"},{"taxonomy":"product_tag","embeddable":true,"href":"https:\/\/sensuu.pl\/index.php\/wp-json\/wp\/v2\/product_tag?post=7744"}],"curies":[{"name":"wp","href":"https:\/\/api.w.org\/{rel}","templated":true}]}}