{"id":7710,"date":"2021-11-02T21:58:00","date_gmt":"2021-11-02T20:58:00","guid":{"rendered":"https:\/\/sensuu.pl\/?post_type=product&#038;p=7710"},"modified":"2021-12-01T20:24:05","modified_gmt":"2021-12-01T19:24:05","slug":"komplet-implicite-ext-zielony-80d","status":"publish","type":"product","link":"https:\/\/sensuu.pl\/index.php\/produkt\/komplet-implicite-ext-zielony-80d\/","title":{"rendered":"Komplet Implicite EXT Zielony 80D"},"content":{"rendered":"<p>Komplet Implicite EXT Zielony<br \/>\nRozmiar: 80D<br \/>\nRozmiar majtek: 3 (42)<br \/>\n28E319<\/p>\n<p><strong>Implicite by Simone P\u00e9r\u00e8le<\/strong> to francuska marka ekskluzywnej bielizny, stworzonej z materia\u0142\u00f3w najwy\u017cszej jako\u015bci, zgodnej z najnowszymi trendami w modzie bieli\u017anianej. To marka, kt\u00f3r\u0105 wyr\u00f3\u017cnia nowoczesno\u015b\u0107 i przepi\u0119kna estetyka. <\/p>\n","protected":false},"excerpt":{"rendered":"<p>Komplet Implicite EXT Zielony<br \/>\nRozmiar: 80D<br \/>\nRozmiar majtek: 3 (42)<\/p>\n","protected":false},"featured_media":7711,"template":"","meta":[],"product_brand":[],"product_cat":[89,97,90,152],"product_tag":[170,210,216],"class_list":{"0":"post-7710","1":"product","2":"type-product","3":"status-publish","4":"has-post-thumbnail","6":"product_cat-bra","7":"product_cat-komplety","8":"product_cat-koronkowe","9":"product_cat-nieusztywnianie","10":"product_tag-bielizna-komplet","11":"product_tag-elegancki-komplet","12":"product_tag-stylowy-komplet","14":"first","15":"instock","16":"sale","17":"shipping-taxable","18":"purchasable","19":"product-type-simple"},"_links":{"self":[{"href":"https:\/\/sensuu.pl\/index.php\/wp-json\/wp\/v2\/product\/7710","targetHints":{"allow":["GET"]}}],"collection":[{"href":"https:\/\/sensuu.pl\/index.php\/wp-json\/wp\/v2\/product"}],"about":[{"href":"https:\/\/sensuu.pl\/index.php\/wp-json\/wp\/v2\/types\/product"}],"version-history":[{"count":3,"href":"https:\/\/sensuu.pl\/index.php\/wp-json\/wp\/v2\/product\/7710\/revisions"}],"predecessor-version":[{"id":8513,"href":"https:\/\/sensuu.pl\/index.php\/wp-json\/wp\/v2\/product\/7710\/revisions\/8513"}],"wp:featuredmedia":[{"embeddable":true,"href":"https:\/\/sensuu.pl\/index.php\/wp-json\/wp\/v2\/media\/7711"}],"wp:attachment":[{"href":"https:\/\/sensuu.pl\/index.php\/wp-json\/wp\/v2\/media?parent=7710"}],"wp:term":[{"taxonomy":"product_brand","embeddable":true,"href":"https:\/\/sensuu.pl\/index.php\/wp-json\/wp\/v2\/product_brand?post=7710"},{"taxonomy":"product_cat","embeddable":true,"href":"https:\/\/sensuu.pl\/index.php\/wp-json\/wp\/v2\/product_cat?post=7710"},{"taxonomy":"product_tag","embeddable":true,"href":"https:\/\/sensuu.pl\/index.php\/wp-json\/wp\/v2\/product_tag?post=7710"}],"curies":[{"name":"wp","href":"https:\/\/api.w.org\/{rel}","templated":true}]}}