{"id":7703,"date":"2021-11-07T21:29:30","date_gmt":"2021-11-07T20:29:30","guid":{"rendered":"https:\/\/sensuu.pl\/?post_type=product&#038;p=7703"},"modified":"2021-11-07T21:29:30","modified_gmt":"2021-11-07T20:29:30","slug":"biustonosz-simone-perele-fli-niebieski-70e","status":"publish","type":"product","link":"https:\/\/sensuu.pl\/index.php\/produkt\/biustonosz-simone-perele-fli-niebieski-70e\/","title":{"rendered":"Biustonosz Simone P\u00e9r\u00e8le FLI Niebieski 70E"},"content":{"rendered":"<p>Biustonosz Simone P\u00e9r\u00e8le FLI Niebieski<br \/>\nRozmiar: 70E<br \/>\n13F347<\/p>\n<p><strong>Simone P\u00e9r\u00e8le<\/strong> to francuska marka ekskluzywnej bielizny, stworzonej z materia\u0142\u00f3w najwy\u017cszej jako\u015bci. Dba\u0142o\u015b\u0107 o szczeg\u00f3\u0142y i jako\u015b w ka\u017cdym detalu to jej znak rozpoznawczy. To marka, kt\u00f3r\u0105 wyr\u00f3\u017cnia zmys\u0142owo\u015b\u0107 i kobieco\u015b\u0107.<\/p>\n","protected":false},"excerpt":{"rendered":"<p>Biustonosz Simone P\u00e9r\u00e8le FLI Niebieski<br \/>\nRozmiar: 70E<br \/>\n13F347<\/p>\n","protected":false},"featured_media":7705,"template":"","meta":[],"product_brand":[],"product_cat":[89,91],"product_tag":[136,178],"class_list":{"0":"post-7703","1":"product","2":"type-product","3":"status-publish","4":"has-post-thumbnail","6":"product_cat-bra","7":"product_cat-usztywniane","8":"product_tag-francuska-bielizna","9":"product_tag-koronkowa-bielizna","11":"first","12":"instock","13":"sale","14":"shipping-taxable","15":"purchasable","16":"product-type-simple"},"_links":{"self":[{"href":"https:\/\/sensuu.pl\/index.php\/wp-json\/wp\/v2\/product\/7703","targetHints":{"allow":["GET"]}}],"collection":[{"href":"https:\/\/sensuu.pl\/index.php\/wp-json\/wp\/v2\/product"}],"about":[{"href":"https:\/\/sensuu.pl\/index.php\/wp-json\/wp\/v2\/types\/product"}],"version-history":[{"count":3,"href":"https:\/\/sensuu.pl\/index.php\/wp-json\/wp\/v2\/product\/7703\/revisions"}],"predecessor-version":[{"id":8556,"href":"https:\/\/sensuu.pl\/index.php\/wp-json\/wp\/v2\/product\/7703\/revisions\/8556"}],"wp:featuredmedia":[{"embeddable":true,"href":"https:\/\/sensuu.pl\/index.php\/wp-json\/wp\/v2\/media\/7705"}],"wp:attachment":[{"href":"https:\/\/sensuu.pl\/index.php\/wp-json\/wp\/v2\/media?parent=7703"}],"wp:term":[{"taxonomy":"product_brand","embeddable":true,"href":"https:\/\/sensuu.pl\/index.php\/wp-json\/wp\/v2\/product_brand?post=7703"},{"taxonomy":"product_cat","embeddable":true,"href":"https:\/\/sensuu.pl\/index.php\/wp-json\/wp\/v2\/product_cat?post=7703"},{"taxonomy":"product_tag","embeddable":true,"href":"https:\/\/sensuu.pl\/index.php\/wp-json\/wp\/v2\/product_tag?post=7703"}],"curies":[{"name":"wp","href":"https:\/\/api.w.org\/{rel}","templated":true}]}}