{"id":7682,"date":"2021-11-07T21:18:20","date_gmt":"2021-11-07T20:18:20","guid":{"rendered":"https:\/\/sensuu.pl\/?post_type=product&#038;p=7682"},"modified":"2021-11-07T21:30:22","modified_gmt":"2021-11-07T20:30:22","slug":"biustonosz-simone-perele-spacer-3d-pudrowy-roz-65f","status":"publish","type":"product","link":"https:\/\/sensuu.pl\/index.php\/produkt\/biustonosz-simone-perele-spacer-3d-pudrowy-roz-65f\/","title":{"rendered":"Biustonosz Simone P\u00e9r\u00e8le Spacer 3D Pudrowy r\u00f3\u017c 65F"},"content":{"rendered":"<p>Biustonosz Simone P\u00e9r\u00e8le Spacer 3D Pudrowy r\u00f3\u017c<br \/>\nRozmiar: 65F<\/p>\n<p><strong>Simone P\u00e9r\u00e8le<\/strong> to francuska marka ekskluzywnej bielizny, stworzonej z materia\u0142\u00f3w najwy\u017cszej jako\u015bci. Dba\u0142o\u015b\u0107 o szczeg\u00f3\u0142y i jako\u015b w ka\u017cdym detalu to jej znak rozpoznawczy. To marka, kt\u00f3r\u0105 wyr\u00f3\u017cnia zmys\u0142owo\u015b\u0107 i kobieco\u015b\u0107.<\/p>\n","protected":false},"excerpt":{"rendered":"<p>Biustonosz Simone P\u00e9r\u00e8le Spacer 3D Pudrowy r\u00f3\u017c<br \/>\nRozmiar: 65F<\/p>\n","protected":false},"featured_media":7684,"template":"","meta":[],"product_brand":[],"product_cat":[89,92,91],"product_tag":[214,213,204,201],"class_list":{"0":"post-7682","1":"product","2":"type-product","3":"status-publish","4":"has-post-thumbnail","6":"product_cat-bra","7":"product_cat-spacer","8":"product_cat-usztywniane","9":"product_tag-biustonosz-na-co-dzien","10":"product_tag-cielisty-biustonosz","11":"product_tag-komfortowy-biustonosz","12":"product_tag-spacer","14":"first","15":"instock","16":"sale","17":"shipping-taxable","18":"purchasable","19":"product-type-simple"},"_links":{"self":[{"href":"https:\/\/sensuu.pl\/index.php\/wp-json\/wp\/v2\/product\/7682","targetHints":{"allow":["GET"]}}],"collection":[{"href":"https:\/\/sensuu.pl\/index.php\/wp-json\/wp\/v2\/product"}],"about":[{"href":"https:\/\/sensuu.pl\/index.php\/wp-json\/wp\/v2\/types\/product"}],"version-history":[{"count":3,"href":"https:\/\/sensuu.pl\/index.php\/wp-json\/wp\/v2\/product\/7682\/revisions"}],"predecessor-version":[{"id":8520,"href":"https:\/\/sensuu.pl\/index.php\/wp-json\/wp\/v2\/product\/7682\/revisions\/8520"}],"wp:featuredmedia":[{"embeddable":true,"href":"https:\/\/sensuu.pl\/index.php\/wp-json\/wp\/v2\/media\/7684"}],"wp:attachment":[{"href":"https:\/\/sensuu.pl\/index.php\/wp-json\/wp\/v2\/media?parent=7682"}],"wp:term":[{"taxonomy":"product_brand","embeddable":true,"href":"https:\/\/sensuu.pl\/index.php\/wp-json\/wp\/v2\/product_brand?post=7682"},{"taxonomy":"product_cat","embeddable":true,"href":"https:\/\/sensuu.pl\/index.php\/wp-json\/wp\/v2\/product_cat?post=7682"},{"taxonomy":"product_tag","embeddable":true,"href":"https:\/\/sensuu.pl\/index.php\/wp-json\/wp\/v2\/product_tag?post=7682"}],"curies":[{"name":"wp","href":"https:\/\/api.w.org\/{rel}","templated":true}]}}